{"id":3774,"date":"2024-12-20T10:07:50","date_gmt":"2024-12-20T10:07:50","guid":{"rendered":"https:\/\/potensilift.com\/?post_type=product&#038;p=3774"},"modified":"2025-03-25T10:05:36","modified_gmt":"2025-03-25T10:05:36","slug":"elevator-limit-switch-1370-narrow-wheel-normally-closed-0-3kg-supplier","status":"publish","type":"product","link":"https:\/\/potensilift.com\/es\/producto\/elevator-limit-switch-1370-narrow-wheel-normally-closed-0-3kg-supplier\/","title":{"rendered":"Elevador Final de carrera 1370 rueda estrecha normalmente cerrado proveedor"},"content":{"rendered":"<p>Experimente una seguridad y eficiencia inigualables con el final de carrera para ascensores POTENSI. Fabricado con materiales de primera calidad, este proveedor de finales de carrera para ascensores 1370 de rueda estrecha normalmente cerrada garantiza un funcionamiento preciso y una integraci\u00f3n sin esfuerzo en su sistema de ascensores. Tanto si necesita un final de carrera para ascensor 1370 de rueda estrecha normalmente cerrado fiable para entornos de alta demanda como una mejora de la seguridad a medida, conf\u00ede en POTENSI para obtener una calidad y un rendimiento excepcionales.<\/p>\n<h2>Par\u00e1metros del producto<\/h2>\n<table>\n<tbody>\n<tr>\n<td width=\"284\">Marca<\/td>\n<td width=\"284\">Elevador Final de carrera<\/td>\n<\/tr>\n<tr>\n<td width=\"284\">Productos<\/td>\n<td width=\"284\">Elevador Final de carrera 1370 rueda estrecha normalmente cerrado proveedor<\/td>\n<\/tr>\n<tr>\n<td width=\"284\">Modelo<\/td>\n<td width=\"284\">1370<\/td>\n<\/tr>\n<tr>\n<td width=\"284\">Lugar de origen<\/td>\n<td width=\"284\">China<\/td>\n<\/tr>\n<\/tbody>\n<\/table>\n<h2>Por qu\u00e9 nosotros<\/h2>\n<p>Potensi proporciona alta calidad Elevator Limit switch 1370 narrow wheel normally closed proveedor, dise\u00f1ado para ofrecer una fiabilidad excepcional y el rendimiento de los sistemas de ascensores modernos. Como proveedor de confianza de Elevator Limit switch, ofrecemos una amplia gama de productos, incluyendo opciones especializadas como Elevator Limit switch 1370 narrow wheel normally closed, garantizando la compatibilidad con las principales marcas mundiales, tales como \u00a0<a href=\"https:\/\/potensilift.com\/es\/categoria-producto\/marcas-piezas\/for-mitsubishi\/\"><u>Mitsubishi<\/u><\/a>, <a href=\"https:\/\/potensilift.com\/es\/categoria-producto\/marcas-piezas\/para-otis\/\"><u>Otis<\/u><\/a>, <a href=\"https:\/\/potensilift.com\/es\/categoria-producto\/marcas-piezas\/para-tke-thyssenkrupp\/\"><u>Thyssen<\/u><\/a>, <a href=\"https:\/\/potensilift.com\/es\/categoria-producto\/marcas-piezas\/for-hyundai\/\"><u>Hyundai<\/u><\/a>y <a href=\"https:\/\/potensilift.com\/es\/categoria-producto\/marcas-piezas\/otras-marcas-piezas\/\"><u>otros<\/u><\/a>. Con amplias existencias y precios competitivos, Potensi est\u00e1 preparado para satisfacer sus necesidades. <a href=\"https:\/\/potensilift.com\/es\/contact\/\"><u>CONTACTO sietea<\/u><\/a>\u00a0Potensi espera poder ayudarle a mejorar sus sistemas de ascensores.<\/p>","protected":false},"excerpt":{"rendered":"<p>Para obtener el m\u00e1ximo rendimiento, elija el final de carrera para ascensores POTENSI, dise\u00f1ado para cumplir las normas industriales m\u00e1s exigentes. Perfecto para componentes cr\u00edticos para la seguridad, como el final de carrera para ascensores 1370, un proveedor de rueda estrecha normalmente cerrada.<\/p>","protected":false},"featured_media":4007,"comment_status":"open","ping_status":"closed","template":"","meta":{"_seopress_robots_primary_cat":"none","_seopress_titles_title":"Elevator Limit switch 1370 narrow wheel normally closed supplier Best Elevator Components - POTENSI","_seopress_titles_desc":"Find high-quality Elevator Limit switch 1370 narrow wheel normally closed parts and Elevator Limit switch for elevators. Reliable, long-lasting components.","_seopress_robots_index":""},"product_brand":[],"product_cat":[109,150],"product_tag":[],"class_list":{"0":"post-3774","1":"product","2":"type-product","3":"status-publish","4":"has-post-thumbnail","6":"product_cat-others-elevator-parts","7":"product_cat-others-brands-parts","9":"first","10":"instock","11":"shipping-taxable","12":"purchasable","13":"product-type-simple"},"_links":{"self":[{"href":"https:\/\/potensilift.com\/es\/wp-json\/wp\/v2\/product\/3774"}],"collection":[{"href":"https:\/\/potensilift.com\/es\/wp-json\/wp\/v2\/product"}],"about":[{"href":"https:\/\/potensilift.com\/es\/wp-json\/wp\/v2\/types\/product"}],"replies":[{"embeddable":true,"href":"https:\/\/potensilift.com\/es\/wp-json\/wp\/v2\/comments?post=3774"}],"wp:featuredmedia":[{"embeddable":true,"href":"https:\/\/potensilift.com\/es\/wp-json\/wp\/v2\/media\/4007"}],"wp:attachment":[{"href":"https:\/\/potensilift.com\/es\/wp-json\/wp\/v2\/media?parent=3774"}],"wp:term":[{"taxonomy":"product_brand","embeddable":true,"href":"https:\/\/potensilift.com\/es\/wp-json\/wp\/v2\/product_brand?post=3774"},{"taxonomy":"product_cat","embeddable":true,"href":"https:\/\/potensilift.com\/es\/wp-json\/wp\/v2\/product_cat?post=3774"},{"taxonomy":"product_tag","embeddable":true,"href":"https:\/\/potensilift.com\/es\/wp-json\/wp\/v2\/product_tag?post=3774"}],"curies":[{"name":"wp","href":"https:\/\/api.w.org\/{rel}","templated":true}]}}