{"id":3591,"date":"2024-12-19T10:00:34","date_gmt":"2024-12-19T10:00:34","guid":{"rendered":"https:\/\/potensilift.com\/?post_type=product&#038;p=3591"},"modified":"2025-03-25T09:49:58","modified_gmt":"2025-03-25T09:49:58","slug":"escalator-step-roller-80256304-2","status":"publish","type":"product","link":"https:\/\/potensilift.com\/es\/producto\/escalator-step-roller-80256304-2\/","title":{"rendered":"rodillo de pelda\u00f1o de escalera mec\u00e1nica 80*25*6304"},"content":{"rendered":"<p>Mejore la comodidad y la seguridad del usuario con el rodillo para escaleras mec\u00e1nicas POTENSI. Este rodillo para escaleras mec\u00e1nicas 80*25*6304 de primera calidad est\u00e1 dise\u00f1ado para una integraci\u00f3n sencilla y un funcionamiento sin problemas. Tanto si desea mejorar los sistemas generales de rodillos 80*25*6304 para escaleras mec\u00e1nicas como si desea centrarse en componentes precisos, POTENSI garantiza una soluci\u00f3n fiable y duradera para cada instalaci\u00f3n de escaleras mec\u00e1nicas.<\/p>\n<h2>Par\u00e1metros del producto<\/h2>\n<table>\n<tbody>\n<tr>\n<td width=\"284\">Marca<\/td>\n<td width=\"284\">rodillo de pelda\u00f1o de escalera mec\u00e1nica 80*25*6304<\/td>\n<\/tr>\n<tr>\n<td width=\"284\">Productos<\/td>\n<td width=\"284\">rodillo de pelda\u00f1o de escalera mec\u00e1nica 80*25*6304<\/td>\n<\/tr>\n<tr>\n<td width=\"284\">Modelo<\/td>\n<td width=\"284\">80*25*6304<\/td>\n<\/tr>\n<tr>\n<td width=\"284\">Lugar de origen<\/td>\n<td width=\"284\">China<\/td>\n<\/tr>\n<\/tbody>\n<\/table>\n<h2>Por qu\u00e9 nosotros<\/h2>\n<p>Potensi ofrece rodillos para escaleras mec\u00e1nicas 80*25*6304 de alta calidad, dise\u00f1ados para ofrecer una fiabilidad y un rendimiento excepcionales para los sistemas de ascensores modernos. Como proveedor confiable de rodillo del paso de la escalera mec\u00e1nica, ofrecemos una amplia gama de productos, incluyendo opciones especializadas como rodillo del paso de la escalera mec\u00e1nica 80*25*6304, asegurando compatibilidad con marcas globales superiores tales como \u00a0<a href=\"https:\/\/potensilift.com\/es\/categoria-producto\/marcas-piezas\/for-mitsubishi\/\"><u>Mitsubishi<\/u><\/a>, <a href=\"https:\/\/potensilift.com\/es\/categoria-producto\/marcas-piezas\/para-otis\/\"><u>Otis<\/u><\/a>, <a href=\"https:\/\/potensilift.com\/es\/categoria-producto\/marcas-piezas\/para-tke-thyssenkrupp\/\"><u>Thyssen<\/u><\/a>, <a href=\"https:\/\/potensilift.com\/es\/categoria-producto\/marcas-piezas\/for-hyundai\/\"><u>Hyundai<\/u><\/a>y <a href=\"https:\/\/potensilift.com\/es\/categoria-producto\/marcas-piezas\/otras-marcas-piezas\/\"><u>otros<\/u><\/a>. Con amplias existencias y precios competitivos, Potensi est\u00e1 preparado para satisfacer sus necesidades. <a href=\"https:\/\/potensilift.com\/es\/contact\/\"><u>CONTACTO <\/u><u>Luna<\/u><\/a>\u00a0Potensi espera poder ayudarle a mejorar sus sistemas de ascensores.<\/p>","protected":false},"excerpt":{"rendered":"<p>Mejore la configuraci\u00f3n de su escalera mec\u00e1nica con el rodillo para escaleras mec\u00e1nicas POTENSI, dise\u00f1ado para un alto rendimiento y durabilidad. Nuestro rodillo 80*25*6304 es perfecto para un funcionamiento a largo plazo.<\/p>","protected":false},"featured_media":3606,"comment_status":"open","ping_status":"closed","template":"","meta":{"_seopress_robots_primary_cat":"none","_seopress_titles_title":"escalator step roller 80*25*6304 | escalator step roller for Escalator Performance - POTENSI","_seopress_titles_desc":"Upgrade your system with escalator step roller and escalator step roller 80*25*6304, designed to enhance escalator performance and safety.","_seopress_robots_index":""},"product_brand":[],"product_cat":[119,150],"product_tag":[],"class_list":{"0":"post-3591","1":"product","2":"type-product","3":"status-publish","4":"has-post-thumbnail","6":"product_cat-escalator-step-roller","7":"product_cat-others-brands-parts","9":"first","10":"instock","11":"shipping-taxable","12":"purchasable","13":"product-type-simple"},"_links":{"self":[{"href":"https:\/\/potensilift.com\/es\/wp-json\/wp\/v2\/product\/3591"}],"collection":[{"href":"https:\/\/potensilift.com\/es\/wp-json\/wp\/v2\/product"}],"about":[{"href":"https:\/\/potensilift.com\/es\/wp-json\/wp\/v2\/types\/product"}],"replies":[{"embeddable":true,"href":"https:\/\/potensilift.com\/es\/wp-json\/wp\/v2\/comments?post=3591"}],"wp:featuredmedia":[{"embeddable":true,"href":"https:\/\/potensilift.com\/es\/wp-json\/wp\/v2\/media\/3606"}],"wp:attachment":[{"href":"https:\/\/potensilift.com\/es\/wp-json\/wp\/v2\/media?parent=3591"}],"wp:term":[{"taxonomy":"product_brand","embeddable":true,"href":"https:\/\/potensilift.com\/es\/wp-json\/wp\/v2\/product_brand?post=3591"},{"taxonomy":"product_cat","embeddable":true,"href":"https:\/\/potensilift.com\/es\/wp-json\/wp\/v2\/product_cat?post=3591"},{"taxonomy":"product_tag","embeddable":true,"href":"https:\/\/potensilift.com\/es\/wp-json\/wp\/v2\/product_tag?post=3591"}],"curies":[{"name":"wp","href":"https:\/\/api.w.org\/{rel}","templated":true}]}}