{"id":3539,"date":"2024-12-19T09:43:49","date_gmt":"2024-12-19T09:43:49","guid":{"rendered":"https:\/\/potensilift.com\/?post_type=product&#038;p=3539"},"modified":"2025-03-27T09:31:17","modified_gmt":"2025-03-27T09:31:17","slug":"pcb-p203729b001g01-for-mitsubishi","status":"publish","type":"product","link":"https:\/\/potensilift.com\/es\/producto\/pcb-p203729b001g01-for-mitsubishi\/","title":{"rendered":"Pcb P203729B001G01 para Mitsubishi"},"content":{"rendered":"<p>POTENSI avanzada pcb P203729B001G01 est\u00e1 dise\u00f1ado para optimizar el rendimiento del ascensor. Fabricada con tecnolog\u00eda de vanguardia y construcci\u00f3n robusta, esta Pcb P203729B001G01 para Mitsubishi garantiza una compatibilidad perfecta y la m\u00e1xima eficiencia operativa. Desde la mejora de la gesti\u00f3n global del sistema hasta el perfeccionamiento de pcb espec\u00edficas, las soluciones POTENSI son duraderas, f\u00e1ciles de usar y est\u00e1n dise\u00f1adas para el futuro.<\/p>\n<h2>Par\u00e1metros del producto<\/h2>\n<table>\n<tbody>\n<tr>\n<td width=\"355\">Marca<\/td>\n<td width=\"355\">\u00a0para Mitsubishi<\/td>\n<\/tr>\n<tr>\n<td width=\"355\">Productos<\/td>\n<td width=\"355\">Pcb P203729B001G01 para Mitsubishi<\/td>\n<\/tr>\n<tr>\n<td width=\"355\">Modelo<\/td>\n<td width=\"355\">P203729B001G01<\/td>\n<\/tr>\n<tr>\n<td width=\"355\">Lugar de origen<\/td>\n<td width=\"355\">China<\/td>\n<\/tr>\n<\/tbody>\n<\/table>\n<h2>Por qu\u00e9 nosotros<\/h2>\n<p>Potensi proporciona alta calidad Pcb P203729B001G01 para Mitsubishi, dise\u00f1ado para ofrecer una fiabilidad excepcional y el rendimiento de los sistemas de ascensores modernos. Como proveedor de confianza de pcb, ofrecemos una amplia gama de productos, incluyendo opciones especializadas como pcb P203729B001G01, asegurando la compatibilidad con las mejores marcas mundiales, tales como \u00a0<a href=\"https:\/\/potensilift.com\/es\/categoria-producto\/marcas-piezas\/for-mitsubishi\/\"><u>Mitsubishi<\/u><\/a>, <a href=\"https:\/\/potensilift.com\/es\/categoria-producto\/marcas-piezas\/para-otis\/\"><u>Otis<\/u><\/a>, <a href=\"https:\/\/potensilift.com\/es\/categoria-producto\/marcas-piezas\/para-tke-thyssenkrupp\/\"><u>Thyssen<\/u><\/a>, <a href=\"https:\/\/potensilift.com\/es\/categoria-producto\/marcas-piezas\/for-hyundai\/\"><u>Hyundai<\/u><\/a>y <a href=\"https:\/\/potensilift.com\/es\/categoria-producto\/marcas-piezas\/otras-marcas-piezas\/\"><u>otros<\/u><\/a>. Con amplias existencias y precios competitivos, Potensi est\u00e1 preparado para satisfacer sus necesidades. <a href=\"https:\/\/potensilift.com\/es\/contact\/\"><u>CONTACTO <\/u><u>katysuha<\/u><\/a>\u00a0Potensi espera poder ayudarle a mejorar sus sistemas de ascensores.<\/p>","protected":false},"excerpt":{"rendered":"<p>Actualice su sistema de ascensor con la pcb POTENSI P203729B001G01, dise\u00f1ada para una integraci\u00f3n perfecta y un rendimiento excepcional. Nuestra pcb garantiza la eficiencia a largo plazo.<\/p>\n<p>&nbsp;<\/p>","protected":false},"featured_media":3585,"comment_status":"open","ping_status":"closed","template":"","meta":{"_seopress_robots_primary_cat":"","_seopress_titles_title":"pcb P203729B001G01 | pcb | 2024 Top Elevator Parts - POTENSI","_seopress_titles_desc":"Shop premium pcb P203729B001G01 for elevators. Find high-quality pcb parts with guaranteed performance and efficiency.","_seopress_robots_index":""},"product_brand":[],"product_cat":[161,130],"product_tag":[],"class_list":{"0":"post-3539","1":"product","2":"type-product","3":"status-publish","4":"has-post-thumbnail","6":"product_cat-elevator-pcb","7":"product_cat-for-mitsubishi","9":"first","10":"instock","11":"shipping-taxable","12":"purchasable","13":"product-type-simple"},"_links":{"self":[{"href":"https:\/\/potensilift.com\/es\/wp-json\/wp\/v2\/product\/3539"}],"collection":[{"href":"https:\/\/potensilift.com\/es\/wp-json\/wp\/v2\/product"}],"about":[{"href":"https:\/\/potensilift.com\/es\/wp-json\/wp\/v2\/types\/product"}],"replies":[{"embeddable":true,"href":"https:\/\/potensilift.com\/es\/wp-json\/wp\/v2\/comments?post=3539"}],"wp:featuredmedia":[{"embeddable":true,"href":"https:\/\/potensilift.com\/es\/wp-json\/wp\/v2\/media\/3585"}],"wp:attachment":[{"href":"https:\/\/potensilift.com\/es\/wp-json\/wp\/v2\/media?parent=3539"}],"wp:term":[{"taxonomy":"product_brand","embeddable":true,"href":"https:\/\/potensilift.com\/es\/wp-json\/wp\/v2\/product_brand?post=3539"},{"taxonomy":"product_cat","embeddable":true,"href":"https:\/\/potensilift.com\/es\/wp-json\/wp\/v2\/product_cat?post=3539"},{"taxonomy":"product_tag","embeddable":true,"href":"https:\/\/potensilift.com\/es\/wp-json\/wp\/v2\/product_tag?post=3539"}],"curies":[{"name":"wp","href":"https:\/\/api.w.org\/{rel}","templated":true}]}}