{"id":3507,"date":"2024-12-19T08:25:51","date_gmt":"2024-12-19T08:25:51","guid":{"rendered":"https:\/\/potensilift.com\/?post_type=product&#038;p=3507"},"modified":"2025-03-28T01:50:14","modified_gmt":"2025-03-28T01:50:14","slug":"ehc-escalera-mecanica-pasamanos-correa-pu","status":"publish","type":"product","link":"https:\/\/potensilift.com\/es\/producto\/ehc-escalera-mecanica-pasamanos-correa-pu\/","title":{"rendered":"EHC Cintur\u00f3n pasamanos PU"},"content":{"rendered":"<p>Mejore la comodidad y la seguridad del usuario con la cinta de pasamanos para escaleras mec\u00e1nicas. Esta cinta de pasamanos para escaleras mec\u00e1nicas EHC de primera calidad est\u00e1 dise\u00f1ada para una integraci\u00f3n sencilla y un funcionamiento sin problemas. Tanto si desea mejorar los sistemas generales de cintas de pasamanos para escaleras mec\u00e1nicas EHC como si desea centrarse en componentes precisos, POTENSI garantiza una soluci\u00f3n fiable y duradera para cada instalaci\u00f3n de escaleras mec\u00e1nicas.<\/p>\n<h2>Par\u00e1metros del producto<\/h2>\n<table style=\"height: 236px\" width=\"864\">\n<tbody>\n<tr>\n<td width=\"284\">Marca<\/td>\n<td width=\"284\">Para EHC<\/td>\n<\/tr>\n<tr>\n<td width=\"284\">Productos<\/td>\n<td width=\"284\">EHC Cintur\u00f3n pasamanos PU<\/td>\n<\/tr>\n<tr>\n<td width=\"284\">Modelo<\/td>\n<td width=\"284\">PU<\/td>\n<\/tr>\n<tr>\n<td width=\"284\">Lugar de origen<\/td>\n<td width=\"284\">China<\/td>\n<\/tr>\n<\/tbody>\n<\/table>\n<h2>Por qu\u00e9 nosotros<\/h2>\n<p>Potensi ofrece correas de pasamanos para escaleras mec\u00e1nicas EHC de alta calidad, dise\u00f1adas para ofrecer una fiabilidad y un rendimiento excepcionales para los sistemas de ascensores modernos. Como proveedor de confianza de correas de pasamanos para escaleras mec\u00e1nicas, ofrecemos una amplia gama de productos, incluidas opciones especializadas como la correa de pasamanos para escaleras mec\u00e1nicas EHC, que garantiza la compatibilidad con las principales marcas mundiales, como \u00a0<a href=\"https:\/\/potensilift.com\/es\/categoria-producto\/marcas-piezas\/for-mitsubishi\/\"><u>Mitsubishi<\/u><\/a>, <a href=\"https:\/\/potensilift.com\/es\/categoria-producto\/marcas-piezas\/para-otis\/\"><u>Otis<\/u><\/a>, <a href=\"https:\/\/potensilift.com\/es\/categoria-producto\/marcas-piezas\/para-tke-thyssenkrupp\/\"><u>Thyssen<\/u><\/a>, <a href=\"https:\/\/potensilift.com\/es\/categoria-producto\/marcas-piezas\/for-hyundai\/\"><u>Hyundai<\/u><\/a>y <a href=\"https:\/\/potensilift.com\/es\/categoria-producto\/marcas-piezas\/otras-marcas-piezas\/\"><u>otros<\/u><\/a>. Con amplias existencias y precios competitivos, Potensi est\u00e1 preparado para satisfacer sus necesidades. <a href=\"https:\/\/potensilift.com\/es\/contact\/\"><u>CONTACTO Yulia<\/u><\/a>\u00a0Potensi espera poder ayudarle a mejorar sus sistemas de ascensores.<\/p>","protected":false},"excerpt":{"rendered":"<p>La correa para pasamanos de escaleras mec\u00e1nicas POTENSI EHC ofrece un rendimiento y una durabilidad excepcionales, dise\u00f1ada para un funcionamiento suave y fiable de las escaleras mec\u00e1nicas. Ideal para cintas de pasamanos de escaleras mec\u00e1nicas<\/p>","protected":false},"featured_media":4446,"comment_status":"open","ping_status":"closed","template":"","meta":{"_seopress_robots_primary_cat":"none","_seopress_titles_title":"High-Quality escalator handrail belt - POTENSI","_seopress_titles_desc":"Discover EHC escalator handrail belt for escalators, designed for durability and performance. Our premium escalator handrail belt ensures safety and reliability in every installation.","_seopress_robots_index":""},"product_brand":[],"product_cat":[113,150],"product_tag":[],"class_list":{"0":"post-3507","1":"product","2":"type-product","3":"status-publish","4":"has-post-thumbnail","6":"product_cat-escalator-handrail-belt","7":"product_cat-others-brands-parts","9":"first","10":"instock","11":"shipping-taxable","12":"purchasable","13":"product-type-simple"},"_links":{"self":[{"href":"https:\/\/potensilift.com\/es\/wp-json\/wp\/v2\/product\/3507"}],"collection":[{"href":"https:\/\/potensilift.com\/es\/wp-json\/wp\/v2\/product"}],"about":[{"href":"https:\/\/potensilift.com\/es\/wp-json\/wp\/v2\/types\/product"}],"replies":[{"embeddable":true,"href":"https:\/\/potensilift.com\/es\/wp-json\/wp\/v2\/comments?post=3507"}],"wp:featuredmedia":[{"embeddable":true,"href":"https:\/\/potensilift.com\/es\/wp-json\/wp\/v2\/media\/4446"}],"wp:attachment":[{"href":"https:\/\/potensilift.com\/es\/wp-json\/wp\/v2\/media?parent=3507"}],"wp:term":[{"taxonomy":"product_brand","embeddable":true,"href":"https:\/\/potensilift.com\/es\/wp-json\/wp\/v2\/product_brand?post=3507"},{"taxonomy":"product_cat","embeddable":true,"href":"https:\/\/potensilift.com\/es\/wp-json\/wp\/v2\/product_cat?post=3507"},{"taxonomy":"product_tag","embeddable":true,"href":"https:\/\/potensilift.com\/es\/wp-json\/wp\/v2\/product_tag?post=3507"}],"curies":[{"name":"wp","href":"https:\/\/api.w.org\/{rel}","templated":true}]}}