{"id":3409,"date":"2024-12-19T02:18:14","date_gmt":"2024-12-19T02:18:14","guid":{"rendered":"https:\/\/potensilift.com\/?post_type=product&#038;p=3409"},"modified":"2025-03-25T09:57:15","modified_gmt":"2025-03-25T09:57:15","slug":"escalator-step-roller-80256304","status":"publish","type":"product","link":"https:\/\/potensilift.com\/es\/producto\/escalator-step-roller-80256304\/","title":{"rendered":"rodillo de pelda\u00f1o de escalera mec\u00e1nica 80*25*6304"},"content":{"rendered":"<p>Para transiciones suaves y seguras, el rodillo para escaleras mec\u00e1nicas POTENSI 80*25*6304 es su mejor elecci\u00f3n. Dise\u00f1ado pensando en la seguridad del usuario, se complementa perfectamente tanto con el rodillo est\u00e1ndar como con el rodillo avanzado Trust POTENSI para mantener la estabilidad y la fiabilidad en cada paso.<\/p>\n<h2>Par\u00e1metros del producto<\/h2>\n<table>\n<tbody>\n<tr>\n<td width=\"284\">Marca<\/td>\n<td width=\"284\">para escalera mec\u00e1nica<\/td>\n<\/tr>\n<tr>\n<td width=\"284\">Productos<\/td>\n<td width=\"284\">rodillo de pelda\u00f1o de escalera mec\u00e1nica 80*25*6304<\/td>\n<\/tr>\n<tr>\n<td width=\"284\">Modelo<\/td>\n<td width=\"284\">80*25*6304<\/td>\n<\/tr>\n<tr>\n<td width=\"284\">Lugar de origen<\/td>\n<td width=\"284\">China<\/td>\n<\/tr>\n<\/tbody>\n<\/table>\n<h2>Por qu\u00e9 nosotros<\/h2>\n<p>Potensi ofrece rodillos para escaleras mec\u00e1nicas 80*25*6304 de alta calidad, dise\u00f1ados para ofrecer una fiabilidad y un rendimiento excepcionales para los sistemas de escaleras mec\u00e1nicas modernos. Como proveedor de confianza de rodillos para escaleras mec\u00e1nicas, ofrecemos una amplia gama de productos, incluyendo opciones especializadas como rodillos para escaleras mec\u00e1nicas, garantizando la compatibilidad con las principales marcas mundiales, tales como \u00a0<a href=\"https:\/\/potensilift.com\/es\/categoria-producto\/marcas-piezas\/for-mitsubishi\/\"><u>Mitsubishi<\/u><\/a>, <a href=\"https:\/\/potensilift.com\/es\/categoria-producto\/marcas-piezas\/para-otis\/\"><u>Otis<\/u><\/a>, <a href=\"https:\/\/potensilift.com\/es\/categoria-producto\/marcas-piezas\/para-tke-thyssenkrupp\/\"><u>Thyssen<\/u><\/a>, <a href=\"https:\/\/potensilift.com\/es\/categoria-producto\/marcas-piezas\/for-hyundai\/\"><u>Hyundai<\/u><\/a>y <a href=\"https:\/\/potensilift.com\/es\/categoria-producto\/marcas-piezas\/otras-marcas-piezas\/\"><u>otros<\/u><\/a>. Con amplias existencias y precios competitivos, Potensi est\u00e1 preparado para satisfacer sus necesidades. <a href=\"https:\/\/potensilift.com\/es\/contact\/\"><u>CONTACTO zoe<\/u><\/a> Potensi espera poder ayudarle a mejorar sus sistemas de escaleras mec\u00e1nicas.<\/p>","protected":false},"excerpt":{"rendered":"<p>Para una fiabilidad duradera, elija el rodillo para escaleras mec\u00e1nicas POTENSI 80*25*6304. Fabricado para un ajuste preciso y una funcionalidad suave, perfecto para el rodillo de escalones.<\/p>","protected":false},"featured_media":3452,"comment_status":"open","ping_status":"closed","template":"","meta":{"_seopress_robots_primary_cat":"none","_seopress_titles_title":"step roller | escalator step roller for Escalator Performance - POTENSI","_seopress_titles_desc":"Upgrade your system with step roller and escalator step roller 80*25*6304 step roller designed to enhance escalator performance and safety.","_seopress_robots_index":""},"product_brand":[],"product_cat":[119,150],"product_tag":[],"class_list":{"0":"post-3409","1":"product","2":"type-product","3":"status-publish","4":"has-post-thumbnail","6":"product_cat-escalator-step-roller","7":"product_cat-others-brands-parts","9":"first","10":"instock","11":"shipping-taxable","12":"purchasable","13":"product-type-simple"},"_links":{"self":[{"href":"https:\/\/potensilift.com\/es\/wp-json\/wp\/v2\/product\/3409"}],"collection":[{"href":"https:\/\/potensilift.com\/es\/wp-json\/wp\/v2\/product"}],"about":[{"href":"https:\/\/potensilift.com\/es\/wp-json\/wp\/v2\/types\/product"}],"replies":[{"embeddable":true,"href":"https:\/\/potensilift.com\/es\/wp-json\/wp\/v2\/comments?post=3409"}],"wp:featuredmedia":[{"embeddable":true,"href":"https:\/\/potensilift.com\/es\/wp-json\/wp\/v2\/media\/3452"}],"wp:attachment":[{"href":"https:\/\/potensilift.com\/es\/wp-json\/wp\/v2\/media?parent=3409"}],"wp:term":[{"taxonomy":"product_brand","embeddable":true,"href":"https:\/\/potensilift.com\/es\/wp-json\/wp\/v2\/product_brand?post=3409"},{"taxonomy":"product_cat","embeddable":true,"href":"https:\/\/potensilift.com\/es\/wp-json\/wp\/v2\/product_cat?post=3409"},{"taxonomy":"product_tag","embeddable":true,"href":"https:\/\/potensilift.com\/es\/wp-json\/wp\/v2\/product_tag?post=3409"}],"curies":[{"name":"wp","href":"https:\/\/api.w.org\/{rel}","templated":true}]}}