{"id":3374,"date":"2024-12-18T14:54:42","date_gmt":"2024-12-18T14:54:42","guid":{"rendered":"https:\/\/potensilift.com\/?post_type=product&#038;p=3374"},"modified":"2025-03-27T09:31:03","modified_gmt":"2025-03-27T09:31:03","slug":"step-roller-80236204-for-lg","status":"publish","type":"product","link":"https:\/\/potensilift.com\/es\/producto\/step-roller-80236204-for-lg\/","title":{"rendered":"Rodillo escalonado 80*23*6204 para LG"},"content":{"rendered":"<p>El duradero rodillo Step 80*23*6204 de POTENSI ofrece un rendimiento excepcional para escaleras mec\u00e1nicas, garantizando una integraci\u00f3n perfecta en todos los sistemas. Para una fiabilidad a largo plazo, el rodillo Step 80*23*6204 para LG destaca incluso en las aplicaciones m\u00e1s exigentes. Tanto en el mantenimiento del rodillo Step como en la modernizaci\u00f3n de \u00e1reas espec\u00edficas, POTENSI mantiene su sistema al m\u00e1ximo nivel de eficiencia.<\/p>\n<h2>Par\u00e1metros del producto<\/h2>\n<table>\n<tbody>\n<tr>\n<td width=\"355\">Marca<\/td>\n<td width=\"355\">para LG<\/td>\n<\/tr>\n<tr>\n<td width=\"355\">Productos<\/td>\n<td width=\"355\">Rodillo escalonado 80*23*6204 para LG<\/td>\n<\/tr>\n<tr>\n<td width=\"355\">Modelo<\/td>\n<td width=\"355\">80*23*6204<\/td>\n<\/tr>\n<tr>\n<td width=\"355\">Lugar de origen<\/td>\n<td width=\"355\">China<\/td>\n<\/tr>\n<\/tbody>\n<\/table>\n<h2>Por qu\u00e9 nosotros<\/h2>\n<p>Potensi suministra rodillo escalonado 80*23*6204 de alta calidad para LG, dise\u00f1ado para ofrecer una fiabilidad y un rendimiento excepcionales para los sistemas de ascensores modernos. Como proveedor de confianza de Rodillo escalonado, ofrecemos una amplia gama de productos, incluyendo opciones especializadas comoRodillo escalonado 80*23*6204, garantizando la compatibilidad con las principales marcas mundiales, tales como \u00a0<a href=\"https:\/\/potensilift.com\/es\/categoria-producto\/marcas-piezas\/for-mitsubishi\/\"><u>Mitsubishi<\/u><\/a>, <a href=\"https:\/\/potensilift.com\/es\/categoria-producto\/marcas-piezas\/para-otis\/\"><u>Otis<\/u><\/a>, <a href=\"https:\/\/potensilift.com\/es\/categoria-producto\/marcas-piezas\/para-tke-thyssenkrupp\/\"><u>Thyssen<\/u><\/a>, <a href=\"https:\/\/potensilift.com\/es\/categoria-producto\/marcas-piezas\/for-hyundai\/\"><u>Hyundai<\/u><\/a>y <a href=\"https:\/\/potensilift.com\/es\/categoria-producto\/marcas-piezas\/otras-marcas-piezas\/\"><u>otros<\/u><\/a>. Con amplias existencias y precios competitivos, Potensi est\u00e1 preparado para satisfacer sus necesidades. <a href=\"https:\/\/potensilift.com\/es\/contact\/\"><u>CONTACTO katysuha<\/u><\/a>\u00a0Potensi espera poder ayudarle a mejorar sus sistemas de ascensores.<\/p>","protected":false},"excerpt":{"rendered":"<p>Mejore la configuraci\u00f3n de su escalera mec\u00e1nica con el rodillo de pelda\u00f1os POTENSI, dise\u00f1ado para ofrecer un alto rendimiento y durabilidad. Nuestro rodillo escalonado 80*23*6204 para LG es perfecto para un funcionamiento a largo plazo.<\/p>","protected":false},"featured_media":3375,"comment_status":"open","ping_status":"closed","template":"","meta":{"_seopress_robots_primary_cat":"none","_seopress_titles_title":"Step roller 80*23*6204 for LG | Easy-to-Maintain Step roller - POTENSI","_seopress_titles_desc":"Simplify your maintenance needs withStep roller 80*23*6204 for LG and Step roller. Easy to install and designed for long-term reliability in escalator systems.","_seopress_robots_index":""},"product_brand":[],"product_cat":[119,135],"product_tag":[],"class_list":{"0":"post-3374","1":"product","2":"type-product","3":"status-publish","4":"has-post-thumbnail","6":"product_cat-escalator-step-roller","7":"product_cat-for-lg-sigma","9":"first","10":"instock","11":"shipping-taxable","12":"purchasable","13":"product-type-simple"},"_links":{"self":[{"href":"https:\/\/potensilift.com\/es\/wp-json\/wp\/v2\/product\/3374"}],"collection":[{"href":"https:\/\/potensilift.com\/es\/wp-json\/wp\/v2\/product"}],"about":[{"href":"https:\/\/potensilift.com\/es\/wp-json\/wp\/v2\/types\/product"}],"replies":[{"embeddable":true,"href":"https:\/\/potensilift.com\/es\/wp-json\/wp\/v2\/comments?post=3374"}],"wp:featuredmedia":[{"embeddable":true,"href":"https:\/\/potensilift.com\/es\/wp-json\/wp\/v2\/media\/3375"}],"wp:attachment":[{"href":"https:\/\/potensilift.com\/es\/wp-json\/wp\/v2\/media?parent=3374"}],"wp:term":[{"taxonomy":"product_brand","embeddable":true,"href":"https:\/\/potensilift.com\/es\/wp-json\/wp\/v2\/product_brand?post=3374"},{"taxonomy":"product_cat","embeddable":true,"href":"https:\/\/potensilift.com\/es\/wp-json\/wp\/v2\/product_cat?post=3374"},{"taxonomy":"product_tag","embeddable":true,"href":"https:\/\/potensilift.com\/es\/wp-json\/wp\/v2\/product_tag?post=3374"}],"curies":[{"name":"wp","href":"https:\/\/api.w.org\/{rel}","templated":true}]}}