{"id":3021,"date":"2024-12-16T11:05:37","date_gmt":"2024-12-16T11:05:37","guid":{"rendered":"https:\/\/potensilift.com\/?post_type=product&#038;p=3021"},"modified":"2025-03-27T09:31:05","modified_gmt":"2025-03-27T09:31:05","slug":"step-roller-76256204-2rs-for-hyundai","status":"publish","type":"product","link":"https:\/\/potensilift.com\/es\/producto\/step-roller-76256204-2rs-for-hyundai\/","title":{"rendered":"Rodillo escalonado 76*25*6204-2RS para Hyundai"},"content":{"rendered":"<p>Para transiciones suaves y seguras, el rodillo escalonado Hyundai 76*25*6204-2RS de POTENSI es su mejor elecci\u00f3n. Dise\u00f1ado pensando en la seguridad del usuario, se complementa a la perfecci\u00f3n tanto con el rodillo est\u00e1ndar como con el rodillo para escalones Hyundai avanzado. Conf\u00ede en POTENSI para mantener la estabilidad y fiabilidad en cada paso.<\/p>\n<h2>Par\u00e1metros del producto<\/h2>\n<table>\n<tbody>\n<tr>\n<td width=\"355\">Marca<\/td>\n<td width=\"355\">uso para Hyundai<\/td>\n<\/tr>\n<tr>\n<td width=\"355\">Productos<\/td>\n<td width=\"355\">Rodillo escalonado 76*25*6204-2RS para Hyundai<\/td>\n<\/tr>\n<tr>\n<td width=\"355\">Modelo<\/td>\n<td width=\"355\">76*25*6204-2RS<\/td>\n<\/tr>\n<tr>\n<td width=\"355\">Lugar de origen<\/td>\n<td width=\"355\">China<\/td>\n<\/tr>\n<\/tbody>\n<\/table>\n<h2>Por qu\u00e9 nosotros<\/h2>\n<p>Potensi proporciona rodillo 76*Step25*6204-2RS de alta calidad para Hyundai, dise\u00f1ado para ofrecer una fiabilidad y un rendimiento excepcionales para los sistemas de ascensores modernos. Como proveedor de confianza de Step roller, ofrecemos una amplia gama de productos, incluyendo opciones especializadas como step roller 76*25*6204-2RS, garantizando la compatibilidad con las principales marcas mundiales, tales como \u00a0<a href=\"https:\/\/potensilift.com\/es\/categoria-producto\/marcas-piezas\/for-mitsubishi\/\"><u>Mitsubishi<\/u><\/a>, <a href=\"https:\/\/potensilift.com\/es\/categoria-producto\/marcas-piezas\/para-otis\/\"><u>Otis<\/u><\/a>, <a href=\"https:\/\/potensilift.com\/es\/categoria-producto\/marcas-piezas\/para-tke-thyssenkrupp\/\"><u>Thyssen<\/u><\/a>, <a href=\"https:\/\/potensilift.com\/es\/categoria-producto\/marcas-piezas\/for-hyundai\/\"><u>Hyundai<\/u><\/a>y <a href=\"https:\/\/potensilift.com\/es\/categoria-producto\/marcas-piezas\/otras-marcas-piezas\/\"><u>otros<\/u><\/a>. Con amplias existencias y precios competitivos, Potensi est\u00e1 preparado para satisfacer sus necesidades. <a href=\"https:\/\/potensilift.com\/es\/contact\/\"><u>CONTACTO <\/u><u>katysuha<\/u><\/a>\u00a0Potensi espera poder ayudarle a mejorar sus sistemas de ascensores.<\/p>","protected":false},"excerpt":{"rendered":"<p>Rodillo POTENSI Rodillo 76*25*6204-2RS para Hyundai para Hyundai ofrece un rendimiento y una durabilidad excepcionales, dise\u00f1ado para un funcionamiento suave y fiable de las escaleras mec\u00e1nicas. Ideal para Step roller<\/p>","protected":false},"featured_media":3022,"comment_status":"open","ping_status":"closed","template":"","meta":{"_seopress_robots_primary_cat":"none","_seopress_titles_title":"step roller 76*25*6204-2RS for Hyundai | Easy-to-Maintain step roller - POTENSI","_seopress_titles_desc":"Simplify your maintenance needs withstep roller 76*25*6204-2RS for Hyundai and  step roller. Easy to install and designed for long-term reliability in escalator systems.","_seopress_robots_index":""},"product_brand":[],"product_cat":[119,134],"product_tag":[],"class_list":{"0":"post-3021","1":"product","2":"type-product","3":"status-publish","4":"has-post-thumbnail","6":"product_cat-escalator-step-roller","7":"product_cat-for-hyundai","9":"first","10":"instock","11":"shipping-taxable","12":"purchasable","13":"product-type-simple"},"_links":{"self":[{"href":"https:\/\/potensilift.com\/es\/wp-json\/wp\/v2\/product\/3021"}],"collection":[{"href":"https:\/\/potensilift.com\/es\/wp-json\/wp\/v2\/product"}],"about":[{"href":"https:\/\/potensilift.com\/es\/wp-json\/wp\/v2\/types\/product"}],"replies":[{"embeddable":true,"href":"https:\/\/potensilift.com\/es\/wp-json\/wp\/v2\/comments?post=3021"}],"wp:featuredmedia":[{"embeddable":true,"href":"https:\/\/potensilift.com\/es\/wp-json\/wp\/v2\/media\/3022"}],"wp:attachment":[{"href":"https:\/\/potensilift.com\/es\/wp-json\/wp\/v2\/media?parent=3021"}],"wp:term":[{"taxonomy":"product_brand","embeddable":true,"href":"https:\/\/potensilift.com\/es\/wp-json\/wp\/v2\/product_brand?post=3021"},{"taxonomy":"product_cat","embeddable":true,"href":"https:\/\/potensilift.com\/es\/wp-json\/wp\/v2\/product_cat?post=3021"},{"taxonomy":"product_tag","embeddable":true,"href":"https:\/\/potensilift.com\/es\/wp-json\/wp\/v2\/product_tag?post=3021"}],"curies":[{"name":"wp","href":"https:\/\/api.w.org\/{rel}","templated":true}]}}