{"id":3007,"date":"2024-12-16T10:16:54","date_gmt":"2024-12-16T10:16:54","guid":{"rendered":"https:\/\/potensilift.com\/?post_type=product&#038;p=3007"},"modified":"2025-03-25T09:50:03","modified_gmt":"2025-03-25T09:50:03","slug":"escalator-step-chain-t133xa","status":"publish","type":"product","link":"https:\/\/potensilift.com\/es\/producto\/escalator-step-chain-t133xa\/","title":{"rendered":"Cadena de pelda\u00f1os T133XA"},"content":{"rendered":"<p>La duradera cadena para escaleras mec\u00e1nicas POTENSI ofrece un rendimiento excepcional para escaleras mec\u00e1nicas, garantizando una integraci\u00f3n perfecta en todos los sistemas. Para una fiabilidad a largo plazo, la cadena para escaleras mec\u00e1nicas T133XA destaca incluso en las aplicaciones m\u00e1s exigentes. Ya sea para el mantenimiento de la cadena de pelda\u00f1os o para la mejora de \u00e1reas espec\u00edficas, POTENSI mantiene su sistema al m\u00e1ximo nivel de eficiencia.<\/p>\n<h2>Par\u00e1metros del producto<\/h2>\n<table>\n<tbody>\n<tr>\n<td width=\"284\">Marca<\/td>\n<td width=\"284\">Otros<\/td>\n<\/tr>\n<tr>\n<td width=\"284\">Productos<\/td>\n<td width=\"284\">Cadena de pelda\u00f1os T133XA<\/td>\n<\/tr>\n<tr>\n<td width=\"284\">Modelo<\/td>\n<td width=\"284\">T133XA<\/td>\n<\/tr>\n<tr>\n<td width=\"284\">Lugar de origen<\/td>\n<td width=\"284\">China<\/td>\n<\/tr>\n<\/tbody>\n<\/table>\n<h2>Por qu\u00e9 nosotros<\/h2>\n<p>Potensi ofrece la cadena para escaleras mec\u00e1nicas T133XA de alta calidad, dise\u00f1ada para ofrecer una fiabilidad y un rendimiento excepcionales para los sistemas de ascensores modernos. Como proveedor de confianza de cadenas para escaleras mec\u00e1nicas, ofrecemos una amplia gama de productos, incluidas opciones especializadas como la cadena para escaleras mec\u00e1nicas, que garantizan la compatibilidad con las principales marcas mundiales, como \u00a0<a href=\"https:\/\/potensilift.com\/es\/categoria-producto\/marcas-piezas\/for-mitsubishi\/\"><u>Mitsubishi<\/u><\/a>, <a href=\"https:\/\/potensilift.com\/es\/categoria-producto\/marcas-piezas\/para-otis\/\"><u>Otis<\/u><\/a>, <a href=\"https:\/\/potensilift.com\/es\/categoria-producto\/marcas-piezas\/para-tke-thyssenkrupp\/\"><u>Thyssen<\/u><\/a>, <a href=\"https:\/\/potensilift.com\/es\/categoria-producto\/marcas-piezas\/for-hyundai\/\"><u>Hyundai<\/u><\/a>y <a href=\"https:\/\/potensilift.com\/es\/categoria-producto\/marcas-piezas\/otras-marcas-piezas\/\"><u>otros<\/u><\/a>. Con amplias existencias y precios competitivos, Potensi est\u00e1 preparado para satisfacer sus necesidades. <a href=\"https:\/\/potensilift.com\/es\/contact\/\"><u>CONTACTO Lidia<\/u><\/a>\u00a0Potensi espera poder ayudarle a mejorar sus sistemas de ascensores.<\/p>","protected":false},"excerpt":{"rendered":"<p>Mejore la configuraci\u00f3n de su escalera mec\u00e1nica con la cadena de pelda\u00f1os POTENSI, dise\u00f1ada para ofrecer un alto rendimiento y durabilidad. Nuestra cadena para escaleras mec\u00e1nicas T133XA es perfecta para un funcionamiento a largo plazo.<\/p>","protected":false},"featured_media":3012,"comment_status":"open","ping_status":"closed","template":"","meta":{"_seopress_robots_primary_cat":"","_seopress_titles_title":"Escalator step chain T133XA | Easy-to-Maintain step chain - POTENSI","_seopress_titles_desc":"Simplify your maintenance needs with Escalator step chain T133XA and step chain. Easy to install and designed for long-term reliability in escalator systems.","_seopress_robots_index":""},"product_brand":[],"product_cat":[117,150],"product_tag":[],"class_list":{"0":"post-3007","1":"product","2":"type-product","3":"status-publish","4":"has-post-thumbnail","6":"product_cat-escalator-step-chain","7":"product_cat-others-brands-parts","9":"first","10":"instock","11":"shipping-taxable","12":"purchasable","13":"product-type-simple"},"_links":{"self":[{"href":"https:\/\/potensilift.com\/es\/wp-json\/wp\/v2\/product\/3007"}],"collection":[{"href":"https:\/\/potensilift.com\/es\/wp-json\/wp\/v2\/product"}],"about":[{"href":"https:\/\/potensilift.com\/es\/wp-json\/wp\/v2\/types\/product"}],"replies":[{"embeddable":true,"href":"https:\/\/potensilift.com\/es\/wp-json\/wp\/v2\/comments?post=3007"}],"wp:featuredmedia":[{"embeddable":true,"href":"https:\/\/potensilift.com\/es\/wp-json\/wp\/v2\/media\/3012"}],"wp:attachment":[{"href":"https:\/\/potensilift.com\/es\/wp-json\/wp\/v2\/media?parent=3007"}],"wp:term":[{"taxonomy":"product_brand","embeddable":true,"href":"https:\/\/potensilift.com\/es\/wp-json\/wp\/v2\/product_brand?post=3007"},{"taxonomy":"product_cat","embeddable":true,"href":"https:\/\/potensilift.com\/es\/wp-json\/wp\/v2\/product_cat?post=3007"},{"taxonomy":"product_tag","embeddable":true,"href":"https:\/\/potensilift.com\/es\/wp-json\/wp\/v2\/product_tag?post=3007"}],"curies":[{"name":"wp","href":"https:\/\/api.w.org\/{rel}","templated":true}]}}