{"id":2911,"date":"2024-12-16T06:43:03","date_gmt":"2024-12-16T06:43:03","guid":{"rendered":"https:\/\/potensilift.com\/?post_type=product&#038;p=2911"},"modified":"2025-03-26T12:57:19","modified_gmt":"2025-03-26T12:57:19","slug":"for-semperit-rubber-handrail-sds-black-color","status":"publish","type":"product","link":"https:\/\/potensilift.com\/es\/producto\/for-semperit-rubber-handrail-sds-black-color\/","title":{"rendered":"Para Semperit Pasamanos de goma SDS Color negro"},"content":{"rendered":"<p>Mejore la comodidad y la seguridad del usuario con el pasamanos de goma SDS de POTENSI. Esta barandilla de caucho SDS For Semperit de primera calidad est\u00e1 dise\u00f1ada para una integraci\u00f3n sencilla y un funcionamiento sin problemas. Tanto si desea mejorar los sistemas generales For Semperit Rubber handrail SDS Black color como si desea centrarse en componentes precisos, POTENSI garantiza una soluci\u00f3n fiable y duradera para cada instalaci\u00f3n de escaleras mec\u00e1nicas.<\/p>\n<h2>Par\u00e1metros del producto<\/h2>\n<table>\n<tbody>\n<tr>\n<td width=\"284\">Marca<\/td>\n<td width=\"284\">Para Semperit<\/td>\n<\/tr>\n<tr>\n<td width=\"284\">Productos<\/td>\n<td width=\"284\">Para Semperit Pasamanos de goma SDS Color negro<\/td>\n<\/tr>\n<tr>\n<td width=\"284\">Modelo<\/td>\n<td width=\"284\">SDS Color negro<\/td>\n<\/tr>\n<tr>\n<td width=\"284\">Lugar de origen<\/td>\n<td width=\"284\">China<\/td>\n<\/tr>\n<\/tbody>\n<\/table>\n<h2>Por qu\u00e9 nosotros<\/h2>\n<p>&nbsp;<\/p>\n<p>Potensi ofrece alta calidad para Semperit pasamanos de goma SDS color Negro, dise\u00f1ado para ofrecer una fiabilidad excepcional y el rendimiento de los sistemas de ascensores modernos. Como proveedor de confianza de Caucho pasamanos SDS, ofrecemos una amplia gama de productos, incluyendo opciones especializadas como Para Semperit Caucho pasamanos SDS, garantizando la compatibilidad con las mejores marcas mundiales, tales como \u00a0<a href=\"https:\/\/potensilift.com\/es\/categoria-producto\/marcas-piezas\/mitsubishi\/\"><u>Mitsubishi<\/u><\/a>, <a href=\"https:\/\/potensilift.com\/es\/categoria-producto\/marcas-piezas\/otis\/\"><u>Otis<\/u><\/a>, <a href=\"https:\/\/potensilift.com\/es\/categoria-producto\/marcas-piezas\/thyssenkrupp\/\"><u>Thyssen<\/u><\/a>, <a href=\"https:\/\/potensilift.com\/es\/categoria-producto\/marcas-piezas\/hyundai\/\"><u>Hyundai<\/u><\/a>y <a href=\"https:\/\/potensilift.com\/es\/categoria-producto\/marcas-piezas\/\"><u>otros<\/u><\/a>. Con amplias existencias y precios competitivos, Potensi est\u00e1 preparado para satisfacer sus necesidades. <a href=\"https:\/\/potensilift.com\/es\/contact\/\"><u>contacto Sevena<\/u><\/a>\u00a0Potensi espera poder ayudarle a mejorar sus sistemas de ascensores.<\/p>","protected":false},"excerpt":{"rendered":"<p>Mejore el dise\u00f1o de sus escaleras mec\u00e1nicas con el pasamanos de goma For Semperit SDS de color negro y el pasamanos de goma For Semperit SDS, perfecto para crear un aspecto elegante y contempor\u00e1neo.<\/p>","protected":false},"featured_media":2940,"comment_status":"open","ping_status":"closed","template":"","meta":{"_seopress_robots_primary_cat":"none","_seopress_titles_title":"For Semperit Rubber handrail SDS Black color for Modern Escalators - POTENSI","_seopress_titles_desc":"Enhance your escalator design with For Semperit Rubber handrail SDS Black color and For Semperit Rubber handrail SDS, perfect for creating a stylish and contemporary look.","_seopress_robots_index":""},"product_brand":[],"product_cat":[113,150],"product_tag":[],"class_list":{"0":"post-2911","1":"product","2":"type-product","3":"status-publish","4":"has-post-thumbnail","6":"product_cat-escalator-handrail-belt","7":"product_cat-others-brands-parts","9":"first","10":"instock","11":"shipping-taxable","12":"purchasable","13":"product-type-simple"},"_links":{"self":[{"href":"https:\/\/potensilift.com\/es\/wp-json\/wp\/v2\/product\/2911"}],"collection":[{"href":"https:\/\/potensilift.com\/es\/wp-json\/wp\/v2\/product"}],"about":[{"href":"https:\/\/potensilift.com\/es\/wp-json\/wp\/v2\/types\/product"}],"replies":[{"embeddable":true,"href":"https:\/\/potensilift.com\/es\/wp-json\/wp\/v2\/comments?post=2911"}],"wp:featuredmedia":[{"embeddable":true,"href":"https:\/\/potensilift.com\/es\/wp-json\/wp\/v2\/media\/2940"}],"wp:attachment":[{"href":"https:\/\/potensilift.com\/es\/wp-json\/wp\/v2\/media?parent=2911"}],"wp:term":[{"taxonomy":"product_brand","embeddable":true,"href":"https:\/\/potensilift.com\/es\/wp-json\/wp\/v2\/product_brand?post=2911"},{"taxonomy":"product_cat","embeddable":true,"href":"https:\/\/potensilift.com\/es\/wp-json\/wp\/v2\/product_cat?post=2911"},{"taxonomy":"product_tag","embeddable":true,"href":"https:\/\/potensilift.com\/es\/wp-json\/wp\/v2\/product_tag?post=2911"}],"curies":[{"name":"wp","href":"https:\/\/api.w.org\/{rel}","templated":true}]}}