{"id":2898,"date":"2024-12-16T03:28:19","date_gmt":"2024-12-16T03:28:19","guid":{"rendered":"https:\/\/potensilift.com\/?post_type=product&#038;p=2898"},"modified":"2025-03-26T13:11:31","modified_gmt":"2025-03-26T13:11:31","slug":"for-kone-semperit-rubber-handrail-belt-grey","status":"publish","type":"product","link":"https:\/\/potensilift.com\/es\/producto\/for-kone-semperit-rubber-handrail-belt-grey\/","title":{"rendered":"Para KONE Semperit cinta de goma para pasamanos (gris)"},"content":{"rendered":"<p>Mejore el confort y la seguridad del usuario con la cinta de pasamanos para escaleras mec\u00e1nicas POTENSI. Esta correa de pasamanos de goma premium For KONE Semperit (gris) est\u00e1 dise\u00f1ada para una f\u00e1cil integraci\u00f3n y un funcionamiento suave. Tanto si mejora los sistemas generales de correas de goma para pasamanos KONE Semperit como si se centra en componentes precisos, POTENSI garantiza una soluci\u00f3n fiable y duradera para cada instalaci\u00f3n de escaleras mec\u00e1nicas.<\/p>\n<h2>Par\u00e1metros del producto<\/h2>\n<table>\n<tbody>\n<tr>\n<td width=\"284\">Marca<\/td>\n<td width=\"284\">para Kone<\/td>\n<\/tr>\n<tr>\n<td width=\"284\">Productos<\/td>\n<td width=\"284\">Para KONE Semperit cinta de goma para pasamanos (gris)<\/td>\n<\/tr>\n<tr>\n<td width=\"284\">Modelo<\/td>\n<td width=\"284\">Cinta de goma para pasamanos Semperit (gris)<\/td>\n<\/tr>\n<tr>\n<td width=\"284\">Lugar de origen<\/td>\n<td width=\"284\">China<\/td>\n<\/tr>\n<\/tbody>\n<\/table>\n<h2>Por qu\u00e9 nosotros<\/h2>\n<p>Potensi ofrece correas de caucho para pasamanos KONE Semperit (gris) de alta calidad, dise\u00f1adas para ofrecer una fiabilidad y un rendimiento excepcionales para los sistemas de ascensores modernos. Como proveedor de confianza de la correa de pasamanos de escaleras mec\u00e1nicas, ofrecemos una amplia gama de productos, incluyendo opciones especializadas como Para KONE Semperit correa de pasamanos de goma , asegurando la compatibilidad con las mejores marcas mundiales, tales como \u00a0<a href=\"https:\/\/potensilift.com\/es\/categoria-producto\/marcas-piezas\/for-mitsubishi\/\"><u>Mitsubishi<\/u><\/a>, <a href=\"https:\/\/potensilift.com\/es\/categoria-producto\/marcas-piezas\/para-otis\/\"><u>Otis<\/u><\/a>, <a href=\"https:\/\/potensilift.com\/es\/categoria-producto\/marcas-piezas\/para-tke-thyssenkrupp\/\"><u>Thyssen<\/u><\/a>, <a href=\"https:\/\/potensilift.com\/es\/categoria-producto\/marcas-piezas\/for-hyundai\/\"><u>Hyundai<\/u><\/a>y <a href=\"https:\/\/potensilift.com\/es\/categoria-producto\/marcas-piezas\/otras-marcas-piezas\/\"><u>otros<\/u><\/a>. Con amplias existencias y precios competitivos, Potensi est\u00e1 preparado para satisfacer sus necesidades. <a href=\"https:\/\/potensilift.com\/es\/contact\/\"><u>CONTACTO zoe<\/u><\/a>\u00a0Potensi espera poder ayudarle a mejorar sus sistemas de ascensores.<\/p>","protected":false},"excerpt":{"rendered":"<p>POTENSI Para la correa de pasamanos de caucho KONE Semperit (gris) ofrece un rendimiento y una durabilidad excepcionales, dise\u00f1ada para un funcionamiento suave y fiable de las escaleras mec\u00e1nicas. Ideal para la cinta de goma del pasamanos<\/p>","protected":false},"featured_media":3424,"comment_status":"open","ping_status":"closed","template":"","meta":{"_seopress_robots_primary_cat":"none","_seopress_titles_title":"For KONE Semperit rubber handrail belt | rubber handrail belt Solutions for Escalators - POTENSI","_seopress_titles_desc":"Shop for [For KONE Semperit rubber handrail belt, providing the best rubber handrail belt options to ensure smooth and efficient escalator operation.","_seopress_robots_index":""},"product_brand":[],"product_cat":[113,128],"product_tag":[],"class_list":{"0":"post-2898","1":"product","2":"type-product","3":"status-publish","4":"has-post-thumbnail","6":"product_cat-escalator-handrail-belt","7":"product_cat-for-kone","9":"first","10":"instock","11":"shipping-taxable","12":"purchasable","13":"product-type-simple"},"_links":{"self":[{"href":"https:\/\/potensilift.com\/es\/wp-json\/wp\/v2\/product\/2898"}],"collection":[{"href":"https:\/\/potensilift.com\/es\/wp-json\/wp\/v2\/product"}],"about":[{"href":"https:\/\/potensilift.com\/es\/wp-json\/wp\/v2\/types\/product"}],"replies":[{"embeddable":true,"href":"https:\/\/potensilift.com\/es\/wp-json\/wp\/v2\/comments?post=2898"}],"wp:featuredmedia":[{"embeddable":true,"href":"https:\/\/potensilift.com\/es\/wp-json\/wp\/v2\/media\/3424"}],"wp:attachment":[{"href":"https:\/\/potensilift.com\/es\/wp-json\/wp\/v2\/media?parent=2898"}],"wp:term":[{"taxonomy":"product_brand","embeddable":true,"href":"https:\/\/potensilift.com\/es\/wp-json\/wp\/v2\/product_brand?post=2898"},{"taxonomy":"product_cat","embeddable":true,"href":"https:\/\/potensilift.com\/es\/wp-json\/wp\/v2\/product_cat?post=2898"},{"taxonomy":"product_tag","embeddable":true,"href":"https:\/\/potensilift.com\/es\/wp-json\/wp\/v2\/product_tag?post=2898"}],"curies":[{"name":"wp","href":"https:\/\/api.w.org\/{rel}","templated":true}]}}