{"id":2848,"date":"2024-12-16T02:09:55","date_gmt":"2024-12-16T02:09:55","guid":{"rendered":"https:\/\/potensilift.com\/?post_type=product&#038;p=2848"},"modified":"2025-03-25T09:48:34","modified_gmt":"2025-03-25T09:48:34","slug":"for-kone-tachometer-wheel-km650808g01","status":"publish","type":"product","link":"https:\/\/potensilift.com\/es\/producto\/for-kone-tachometer-wheel-km650808g01\/","title":{"rendered":"Para rueda de tac\u00f3metro Kone KM650808G01"},"content":{"rendered":"<p>\u00bfDesea mejorar el rendimiento de la puerta de su ascensor? La rueda tacom\u00e9trica For Kone de POTENSI combina componentes duraderos e ingenier\u00eda innovadora para garantizar un funcionamiento suave y preciso. Tanto si necesita una rueda tacom\u00e9trica fiable para uso general como una rueda tacom\u00e9trica avanzada KM650808G01 para sistemas especializados, POTENSI le ofrece el equilibrio perfecto entre seguridad y fiabilidad.<\/p>\n<h2>Par\u00e1metros del producto<\/h2>\n<table>\n<tbody>\n<tr>\n<td width=\"284\">Marca<\/td>\n<td width=\"284\">para Kone<\/td>\n<\/tr>\n<tr>\n<td width=\"284\">Productos<\/td>\n<td width=\"284\">Para rueda de tac\u00f3metro Kone KM650808G01<\/td>\n<\/tr>\n<tr>\n<td width=\"284\">Modelo<\/td>\n<td width=\"284\">KM650808G01<\/td>\n<\/tr>\n<tr>\n<td width=\"284\">Lugar de origen<\/td>\n<td width=\"284\">China<\/td>\n<\/tr>\n<\/tbody>\n<\/table>\n<h2>Por qu\u00e9 nosotros<\/h2>\n<p>Potensi proporciona alta calidad Para Kone rueda de tac\u00f3metro KM650808G01, dise\u00f1ado para ofrecer una fiabilidad excepcional y el rendimiento de los sistemas de ascensores modernos. Como proveedor de confianza de la rueda del tac\u00f3metro, ofrecemos una amplia gama de productos, incluyendo opciones especializadas como Para Kone rueda del tac\u00f3metro, asegurando la compatibilidad con las mejores marcas mundiales, tales como \u00a0<a href=\"https:\/\/potensilift.com\/es\/categoria-producto\/marcas-piezas\/for-mitsubishi\/\"><u>Mitsubishi<\/u><\/a>, <a href=\"https:\/\/potensilift.com\/es\/categoria-producto\/marcas-piezas\/para-otis\/\"><u>Otis<\/u><\/a>, <a href=\"https:\/\/potensilift.com\/es\/categoria-producto\/marcas-piezas\/para-tke-thyssenkrupp\/\"><u>Thyssen<\/u><\/a>, <a href=\"https:\/\/potensilift.com\/es\/categoria-producto\/marcas-piezas\/for-hyundai\/\"><u>Hyundai<\/u><\/a>y <a href=\"https:\/\/potensilift.com\/es\/categoria-producto\/marcas-piezas\/otras-marcas-piezas\/\"><u>otros<\/u><\/a>. Con amplias existencias y precios competitivos, Potensi est\u00e1 preparado para satisfacer sus necesidades. <a href=\"https:\/\/potensilift.com\/es\/contact\/\"><u>CONTACTO <\/u><u>Gina<\/u><\/a>\u00a0Potensi espera poder ayudarle a mejorar sus sistemas de ascensores.<\/p>","protected":false},"excerpt":{"rendered":"<p>La rueda de tac\u00f3metro POTENSI proporciona fiabilidad y precisi\u00f3n duraderas, por lo que es una soluci\u00f3n ideal para un funcionamiento suave del ascensor. Perfecta para aplicaciones como Para rueda de tac\u00f3metro Kone KM650808G01.<\/p>","protected":false},"featured_media":2849,"comment_status":"open","ping_status":"closed","template":"","meta":{"_seopress_robots_primary_cat":"none","_seopress_titles_title":"Tachometer wheel | For Kone tachometer wheel KM650808G01 | Elevator Parts - POTENSI","_seopress_titles_desc":"Shop for reliable tachometer wheel such as For Kone tachometer wheel KM650808G01 to ensure your elevator system runs smoothly.","_seopress_robots_index":""},"product_brand":[],"product_cat":[163,128],"product_tag":[],"class_list":{"0":"post-2848","1":"product","2":"type-product","3":"status-publish","4":"has-post-thumbnail","6":"product_cat-elevator-sheaves","7":"product_cat-for-kone","9":"first","10":"instock","11":"shipping-taxable","12":"purchasable","13":"product-type-simple"},"_links":{"self":[{"href":"https:\/\/potensilift.com\/es\/wp-json\/wp\/v2\/product\/2848"}],"collection":[{"href":"https:\/\/potensilift.com\/es\/wp-json\/wp\/v2\/product"}],"about":[{"href":"https:\/\/potensilift.com\/es\/wp-json\/wp\/v2\/types\/product"}],"replies":[{"embeddable":true,"href":"https:\/\/potensilift.com\/es\/wp-json\/wp\/v2\/comments?post=2848"}],"wp:featuredmedia":[{"embeddable":true,"href":"https:\/\/potensilift.com\/es\/wp-json\/wp\/v2\/media\/2849"}],"wp:attachment":[{"href":"https:\/\/potensilift.com\/es\/wp-json\/wp\/v2\/media?parent=2848"}],"wp:term":[{"taxonomy":"product_brand","embeddable":true,"href":"https:\/\/potensilift.com\/es\/wp-json\/wp\/v2\/product_brand?post=2848"},{"taxonomy":"product_cat","embeddable":true,"href":"https:\/\/potensilift.com\/es\/wp-json\/wp\/v2\/product_cat?post=2848"},{"taxonomy":"product_tag","embeddable":true,"href":"https:\/\/potensilift.com\/es\/wp-json\/wp\/v2\/product_tag?post=2848"}],"curies":[{"name":"wp","href":"https:\/\/api.w.org\/{rel}","templated":true}]}}