{"id":2844,"date":"2024-12-16T02:54:28","date_gmt":"2024-12-16T02:54:28","guid":{"rendered":"https:\/\/potensilift.com\/?post_type=product&#038;p=2844"},"modified":"2025-03-25T09:45:59","modified_gmt":"2025-03-25T09:45:59","slug":"otis-escalator-handrail-otis-800-pu-material","status":"publish","type":"product","link":"https:\/\/potensilift.com\/es\/producto\/otis-escalator-handrail-otis-800-pu-material\/","title":{"rendered":"Para pasamanos de escaleras mec\u00e1nicas Otis-800 (material PU)"},"content":{"rendered":"<p>Mejore la comodidad y la seguridad del usuario con el cintur\u00f3n pasamanos para escaleras mec\u00e1nicas POTENSI. Este pasamanos premium para escaleras mec\u00e1nicas Otis-800 (material PU) est\u00e1 dise\u00f1ado para una f\u00e1cil integraci\u00f3n y un funcionamiento sin problemas. Tanto si desea mejorar los sistemas generales de pasamanos para escaleras mec\u00e1nicas Otis como si desea centrarse en componentes precisos, POTENSI garantiza una soluci\u00f3n fiable y duradera para cada instalaci\u00f3n de escaleras mec\u00e1nicas.<\/p>\n<h2>Par\u00e1metros del producto<\/h2>\n<table>\n<tbody>\n<tr>\n<td width=\"284\">Marca<\/td>\n<td width=\"284\">uso para Otis<\/td>\n<\/tr>\n<tr>\n<td width=\"284\">Productos<\/td>\n<td width=\"284\">Para pasamanos de escaleras mec\u00e1nicas Otis-800 (material PU)<\/td>\n<\/tr>\n<tr>\n<td width=\"284\">Modelo<\/td>\n<td width=\"284\">Otis-800<\/td>\n<\/tr>\n<tr>\n<td width=\"284\">Lugar de origen<\/td>\n<td width=\"284\">China<\/td>\n<\/tr>\n<\/tbody>\n<\/table>\n<h2>Por qu\u00e9 nosotros<\/h2>\n<p>Potensi ofrece pasamanos para escaleras mec\u00e1nicas Otis-800 (material PU) de alta calidad, dise\u00f1ados para ofrecer una fiabilidad y un rendimiento excepcionales para los sistemas de ascensores modernos. Como proveedor de confianza de la correa del pasamanos de la escalera mec\u00e1nica, ofrecemos una amplia gama de productos, incluyendo opciones especializadas como Otis pasamanos de la escalera mec\u00e1nica , asegurando la compatibilidad con las principales marcas mundiales como. \u00a0<a href=\"https:\/\/potensilift.com\/es\/categoria-producto\/marcas-piezas\/for-mitsubishi\/\"><u>Mitsubishi<\/u><\/a>, <a href=\"https:\/\/potensilift.com\/es\/categoria-producto\/marcas-piezas\/para-otis\/\"><u>Otis<\/u><\/a>, <a href=\"https:\/\/potensilift.com\/es\/categoria-producto\/marcas-piezas\/para-tke-thyssenkrupp\/\"><u>Thyssen<\/u><\/a>, <a href=\"https:\/\/potensilift.com\/es\/categoria-producto\/marcas-piezas\/for-hyundai\/\"><u>Hyundai<\/u><\/a>y <a href=\"https:\/\/potensilift.com\/es\/categoria-producto\/marcas-piezas\/otras-marcas-piezas\/\"><u>otros<\/u><\/a>. Con amplias existencias y precios competitivos, Potensi est\u00e1 preparado para satisfacer sus necesidades. <a href=\"https:\/\/potensilift.com\/es\/contact\/\"><u>CONTACTO zoe<\/u><\/a>\u00a0Potensi espera poder ayudarle a mejorar sus sistemas de ascensores.<\/p>","protected":false},"excerpt":{"rendered":"<p>POTENSI para pasamanos de escaleras mec\u00e1nicas Otis-800 (material PU) ofrece un rendimiento y una durabilidad excepcionales, dise\u00f1ado para un funcionamiento suave y fiable de las escaleras mec\u00e1nicas. Ideal para cintas de pasamanos de escaleras mec\u00e1nicas<\/p>","protected":false},"featured_media":2860,"comment_status":"open","ping_status":"closed","template":"","meta":{"_seopress_robots_primary_cat":"none","_seopress_titles_title":"for otis escalator handrail Otis-800 (PU material) | High-Quality escalator handrail- POTENSI","_seopress_titles_desc":"Discover otis escalator handrail Otis-800 (PU material) for escalators, designed for durability and performance. Our premium escalator handrail ensures safety and reliability in every installation.","_seopress_robots_index":""},"product_brand":[],"product_cat":[113,127],"product_tag":[],"class_list":{"0":"post-2844","1":"product","2":"type-product","3":"status-publish","4":"has-post-thumbnail","6":"product_cat-escalator-handrail-belt","7":"product_cat-for-otis","9":"first","10":"instock","11":"shipping-taxable","12":"purchasable","13":"product-type-simple"},"_links":{"self":[{"href":"https:\/\/potensilift.com\/es\/wp-json\/wp\/v2\/product\/2844"}],"collection":[{"href":"https:\/\/potensilift.com\/es\/wp-json\/wp\/v2\/product"}],"about":[{"href":"https:\/\/potensilift.com\/es\/wp-json\/wp\/v2\/types\/product"}],"replies":[{"embeddable":true,"href":"https:\/\/potensilift.com\/es\/wp-json\/wp\/v2\/comments?post=2844"}],"wp:featuredmedia":[{"embeddable":true,"href":"https:\/\/potensilift.com\/es\/wp-json\/wp\/v2\/media\/2860"}],"wp:attachment":[{"href":"https:\/\/potensilift.com\/es\/wp-json\/wp\/v2\/media?parent=2844"}],"wp:term":[{"taxonomy":"product_brand","embeddable":true,"href":"https:\/\/potensilift.com\/es\/wp-json\/wp\/v2\/product_brand?post=2844"},{"taxonomy":"product_cat","embeddable":true,"href":"https:\/\/potensilift.com\/es\/wp-json\/wp\/v2\/product_cat?post=2844"},{"taxonomy":"product_tag","embeddable":true,"href":"https:\/\/potensilift.com\/es\/wp-json\/wp\/v2\/product_tag?post=2844"}],"curies":[{"name":"wp","href":"https:\/\/api.w.org\/{rel}","templated":true}]}}