{"id":2656,"date":"2024-12-12T05:30:09","date_gmt":"2024-12-12T05:30:09","guid":{"rendered":"https:\/\/potensilift.com\/?post_type=product&#038;p=2656"},"modified":"2025-11-25T03:22:44","modified_gmt":"2025-11-25T03:22:44","slug":"herramienta-de-prueba-de-ascensores-gaa21750ak3-para-otis","status":"publish","type":"product","link":"https:\/\/potensilift.com\/es\/producto\/herramienta-de-prueba-de-ascensores-gaa21750ak3-para-otis\/","title":{"rendered":"Herramienta de prueba de ascensores GAA21750AK3 para OTIS"},"content":{"rendered":"<p>La herramienta avanzada de prueba de ascensores POTENSI para OTIS est\u00e1 dise\u00f1ada para optimizar el rendimiento de los ascensores. Fabricada con tecnolog\u00eda de vanguardia y construcci\u00f3n robusta, esta herramienta de prueba de ascensores GAA21750AK3 para OTIS garantiza una compatibilidad perfecta y la m\u00e1xima eficacia operativa. Desde la mejora de la gesti\u00f3n global del sistema hasta el perfeccionamiento de la herramienta de prueba de ascensores espec\u00edfica, las soluciones de POTENSI son duraderas, f\u00e1ciles de usar y est\u00e1n dise\u00f1adas para el futuro.<\/p>\n<h2>Par\u00e1metros del producto<\/h2>\n<table style=\"height: 219px;\" width=\"866\">\n<tbody>\n<tr>\n<td width=\"213\">Marca<\/td>\n<td width=\"213\">para OTIS<\/td>\n<\/tr>\n<tr>\n<td width=\"213\">Productos<\/td>\n<td width=\"213\">Herramienta de prueba de ascensores GAA21750AK3 para OTIS<\/td>\n<\/tr>\n<tr>\n<td width=\"213\">Modelo<\/td>\n<td width=\"213\">GAA21750AK3<\/td>\n<\/tr>\n<tr>\n<td width=\"213\">Lugar de origen<\/td>\n<td width=\"213\">China<\/td>\n<\/tr>\n<\/tbody>\n<\/table>\n<h2>Por qu\u00e9 nosotros<\/h2>\n<p>Potensi ofrece una herramienta de prueba de ascensores GAA21750AK3 para OTIS de alta calidad, dise\u00f1ada para ofrecer una fiabilidad y un rendimiento excepcionales para los sistemas de ascensores modernos. Como proveedor de confianza de Herramienta de prueba para ascensores, ofrecemos una amplia gama de productos, incluyendo opciones especializadas como Herramienta de prueba para ascensores para OTIS, garantizando la compatibilidad con las principales marcas mundiales, tales como \u00a0<a href=\"https:\/\/potensilift.com\/es\/categoria-producto\/marcas-piezas\/for-mitsubishi\/\"><u>Mitsubishi<\/u><\/a>, <a href=\"https:\/\/potensilift.com\/es\/categoria-producto\/marcas-piezas\/para-otis\/\"><u>Otis<\/u><\/a>, <a href=\"https:\/\/potensilift.com\/es\/categoria-producto\/marcas-piezas\/para-tke-thyssenkrupp\/\"><u>Thyssen<\/u><\/a>, <a href=\"https:\/\/potensilift.com\/es\/categoria-producto\/marcas-piezas\/for-hyundai\/\"><u>Hyundai<\/u><\/a>y <a href=\"https:\/\/potensilift.com\/es\/categoria-producto\/marcas-piezas\/otras-marcas-piezas\/\"><u>otros<\/u><\/a>. Con amplias existencias y precios competitivos, Potensi est\u00e1 preparado para satisfacer sus necesidades. <a href=\"https:\/\/potensilift.com\/es\/contact\/\"><u>CONTACTO Esther<\/u><\/a>\u00a0Potensi espera poder ayudarle a mejorar sus sistemas de ascensores.<\/p>","protected":false},"excerpt":{"rendered":"<p>Para obtener el m\u00e1ximo rendimiento, elija la herramienta de prueba para ascensores POTENSI, dise\u00f1ada para cumplir las normas m\u00e1s exigentes del sector. Perfecta para componentes cr\u00edticos para la seguridad, como la herramienta de prueba de ascensores GAA21750AK3 para OTIS.<\/p>","protected":false},"featured_media":2662,"comment_status":"open","ping_status":"closed","template":"","meta":{"_seopress_robots_primary_cat":"none","_seopress_titles_title":"Elevator test tool GAA21750AK3 for OTIS | Quality Elevator Parts - POTENSI","_seopress_titles_desc":"Explore a range of Elevator test tool with high-quality Elevator test tool for OTIS. Perfect for maintaining peak elevator performance.","_seopress_robots_index":""},"product_brand":[],"product_cat":[127,109],"product_tag":[],"class_list":{"0":"post-2656","1":"product","2":"type-product","3":"status-publish","4":"has-post-thumbnail","6":"product_cat-for-otis","7":"product_cat-others-elevator-parts","9":"first","10":"instock","11":"sale","12":"shipping-taxable","13":"purchasable","14":"product-type-simple"},"_links":{"self":[{"href":"https:\/\/potensilift.com\/es\/wp-json\/wp\/v2\/product\/2656"}],"collection":[{"href":"https:\/\/potensilift.com\/es\/wp-json\/wp\/v2\/product"}],"about":[{"href":"https:\/\/potensilift.com\/es\/wp-json\/wp\/v2\/types\/product"}],"replies":[{"embeddable":true,"href":"https:\/\/potensilift.com\/es\/wp-json\/wp\/v2\/comments?post=2656"}],"wp:featuredmedia":[{"embeddable":true,"href":"https:\/\/potensilift.com\/es\/wp-json\/wp\/v2\/media\/2662"}],"wp:attachment":[{"href":"https:\/\/potensilift.com\/es\/wp-json\/wp\/v2\/media?parent=2656"}],"wp:term":[{"taxonomy":"product_brand","embeddable":true,"href":"https:\/\/potensilift.com\/es\/wp-json\/wp\/v2\/product_brand?post=2656"},{"taxonomy":"product_cat","embeddable":true,"href":"https:\/\/potensilift.com\/es\/wp-json\/wp\/v2\/product_cat?post=2656"},{"taxonomy":"product_tag","embeddable":true,"href":"https:\/\/potensilift.com\/es\/wp-json\/wp\/v2\/product_tag?post=2656"}],"curies":[{"name":"wp","href":"https:\/\/api.w.org\/{rel}","templated":true}]}}