{"id":2619,"date":"2024-12-10T06:18:07","date_gmt":"2024-12-10T06:18:07","guid":{"rendered":"https:\/\/potensilift.com\/?post_type=product&#038;p=2619"},"modified":"2025-09-22T06:59:20","modified_gmt":"2025-09-22T06:59:20","slug":"controlador-de-puerta-nice-d-a-sop4-para-monarch","status":"publish","type":"product","link":"https:\/\/potensilift.com\/es\/producto\/controlador-de-puerta-nice-d-a-sop4-para-monarch\/","title":{"rendered":"Controlador de puerta NICE-D-A-SOP4 para Monarch"},"content":{"rendered":"<p>El controlador de puerta POTENSI NICE-D-A-SOP4 para Monarch es la clave para mantener una experiencia de ascensor fluida y estable. Dise\u00f1ada con precisi\u00f3n y fabricada con materiales de alta calidad, esta soluci\u00f3n se integra perfectamente en su sistema, garantizando un rendimiento a largo plazo. Tanto si est\u00e1 actualizando el controlador de puerta como si busca mejoras espec\u00edficas como el controlador de puerta para Monarch, POTENSI le ofrece soluciones fiables y f\u00e1ciles de instalar. Aumente la estabilidad con confianza hoy mismo.<\/p>\n<h2>Par\u00e1metros del producto<\/h2>\n<table style=\"height: 231px;\" width=\"850\">\n<tbody>\n<tr>\n<td width=\"213\">Marca<\/td>\n<td width=\"213\">para Monarch<\/td>\n<\/tr>\n<tr>\n<td width=\"213\">Productos<\/td>\n<td width=\"213\">Controlador de puerta NICE-D-A-SOP4 para Monarch<\/td>\n<\/tr>\n<tr>\n<td width=\"213\">Modelo<\/td>\n<td width=\"213\">NICE-D-A-SOP4<\/td>\n<\/tr>\n<tr>\n<td width=\"213\">Lugar de origen<\/td>\n<td width=\"213\">Alemania o China<\/td>\n<\/tr>\n<\/tbody>\n<\/table>\n<h2>Por qu\u00e9 nosotros<\/h2>\n<p>Potensi ofrece un controlador de puerta NICE-D-A-SOP4 para Monarch de alta calidad, dise\u00f1ado para ofrecer una fiabilidad y un rendimiento excepcionales para los sistemas de ascensores modernos. Como proveedor de confianza de Controlador de puerta, ofrecemos una amplia gama de productos, incluyendo opciones especializadas como Controlador de puerta para Monarch, garantizando la compatibilidad con las principales marcas mundiales como \u00a0<a href=\"https:\/\/potensilift.com\/es\/categoria-producto\/marcas-piezas\/for-mitsubishi\/\"><u>Mitsubishi<\/u><\/a>, <a href=\"https:\/\/potensilift.com\/es\/categoria-producto\/marcas-piezas\/para-otis\/\"><u>Otis<\/u><\/a>, <a href=\"https:\/\/potensilift.com\/es\/categoria-producto\/marcas-piezas\/para-tke-thyssenkrupp\/\"><u>Thyssen<\/u><\/a>, <a href=\"https:\/\/potensilift.com\/es\/categoria-producto\/marcas-piezas\/for-hyundai\/\"><u>Hyundai<\/u><\/a>y <a href=\"https:\/\/potensilift.com\/es\/categoria-producto\/marcas-piezas\/otras-marcas-piezas\/\"><u>otros<\/u><\/a>. Con amplias existencias y precios competitivos, Potensi est\u00e1 preparado para satisfacer sus necesidades. <a href=\"https:\/\/potensilift.com\/es\/contact\/\"><u>CONTACTO Esther<\/u><\/a>\u00a0Potensi espera poder ayudarle a mejorar sus sistemas de ascensores.<\/p>","protected":false},"excerpt":{"rendered":"<p>El controlador de puerta POTENSI proporciona fiabilidad y precisi\u00f3n duraderas, lo que lo convierte en la soluci\u00f3n ideal para un funcionamiento fluido del ascensor. Perfecto para aplicaciones como el controlador de puerta NICE-D-A-SOP4 para Monarch.<\/p>","protected":false},"featured_media":2623,"comment_status":"open","ping_status":"closed","template":"","meta":{"_seopress_robots_primary_cat":"none","_seopress_titles_title":"Door Controller NICE-D-A-SOP4 for Monarch | 2024 Best Elevator Components - POTENSI","_seopress_titles_desc":"Find high-quality Door Controller for Monarch parts and Door Controller for elevators. Reliable, long-lasting components.","_seopress_robots_index":""},"product_brand":[],"product_cat":[166,140],"product_tag":[],"class_list":{"0":"post-2619","1":"product","2":"type-product","3":"status-publish","4":"has-post-thumbnail","6":"product_cat-elevator-door-controller","7":"product_cat-for-monarch","9":"first","10":"instock","11":"sale","12":"shipping-taxable","13":"purchasable","14":"product-type-simple"},"_links":{"self":[{"href":"https:\/\/potensilift.com\/es\/wp-json\/wp\/v2\/product\/2619"}],"collection":[{"href":"https:\/\/potensilift.com\/es\/wp-json\/wp\/v2\/product"}],"about":[{"href":"https:\/\/potensilift.com\/es\/wp-json\/wp\/v2\/types\/product"}],"replies":[{"embeddable":true,"href":"https:\/\/potensilift.com\/es\/wp-json\/wp\/v2\/comments?post=2619"}],"wp:featuredmedia":[{"embeddable":true,"href":"https:\/\/potensilift.com\/es\/wp-json\/wp\/v2\/media\/2623"}],"wp:attachment":[{"href":"https:\/\/potensilift.com\/es\/wp-json\/wp\/v2\/media?parent=2619"}],"wp:term":[{"taxonomy":"product_brand","embeddable":true,"href":"https:\/\/potensilift.com\/es\/wp-json\/wp\/v2\/product_brand?post=2619"},{"taxonomy":"product_cat","embeddable":true,"href":"https:\/\/potensilift.com\/es\/wp-json\/wp\/v2\/product_cat?post=2619"},{"taxonomy":"product_tag","embeddable":true,"href":"https:\/\/potensilift.com\/es\/wp-json\/wp\/v2\/product_tag?post=2619"}],"curies":[{"name":"wp","href":"https:\/\/api.w.org\/{rel}","templated":true}]}}