{"id":2220,"date":"2024-11-30T10:58:52","date_gmt":"2024-11-30T10:58:52","guid":{"rendered":"https:\/\/potensilift.com\/?page_id=2220"},"modified":"2024-12-18T09:54:32","modified_gmt":"2024-12-18T09:54:32","slug":"modernizacion-de-escaleras-mecanicas","status":"publish","type":"page","link":"https:\/\/potensilift.com\/es\/modernizacion-de-escaleras-mecanicas\/","title":{"rendered":"Modernizaci\u00f3n de escaleras mec\u00e1nicas"},"content":{"rendered":"<div data-elementor-type=\"wp-page\" data-elementor-id=\"2220\" class=\"elementor elementor-2220\" data-elementor-post-type=\"page\">\n\t\t\t\t\t\t<section class=\"elementor-section elementor-top-section elementor-element elementor-element-4b609af elementor-section-boxed elementor-section-height-default elementor-section-height-default\" data-id=\"4b609af\" data-element_type=\"section\" data-e-type=\"section\" data-settings=\"{&quot;background_background&quot;:&quot;classic&quot;,&quot;ekit_has_onepagescroll_dot&quot;:&quot;yes&quot;}\">\n\t\t\t\t\t\t\t<div class=\"elementor-background-overlay\"><\/div>\n\t\t\t\t\t\t\t<div class=\"elementor-container elementor-column-gap-default\">\n\t\t\t\t\t<div class=\"elementor-column elementor-col-100 elementor-top-column elementor-element elementor-element-191f3ac\" data-id=\"191f3ac\" data-element_type=\"column\" data-e-type=\"column\">\n\t\t\t<div class=\"elementor-widget-wrap elementor-element-populated\">\n\t\t\t\t\t\t<div class=\"elementor-element elementor-element-82f3fda elementor-widget elementor-widget-heading\" data-id=\"82f3fda\" data-element_type=\"widget\" data-e-type=\"widget\" data-settings=\"{&quot;ekit_we_effect_on&quot;:&quot;none&quot;}\" data-widget_type=\"heading.default\">\n\t\t\t\t<div class=\"elementor-widget-container\">\n\t\t\t\t\t<h1 class=\"elementor-heading-title elementor-size-default\">Modernizaci\u00f3n de escaleras mec\u00e1nicas<\/h1>\t\t\t\t<\/div>\n\t\t\t\t<\/div>\n\t\t\t\t<div class=\"elementor-element elementor-element-11787b1 elementor-widget elementor-widget-woocommerce-breadcrumb\" data-id=\"11787b1\" data-element_type=\"widget\" data-e-type=\"widget\" data-settings=\"{&quot;ekit_we_effect_on&quot;:&quot;none&quot;}\" data-widget_type=\"woocommerce-breadcrumb.default\">\n\t\t\t\t<div class=\"elementor-widget-container\">\n\t\t\t\t\t<nav class=\"woocommerce-breadcrumb\" aria-label=\"Breadcrumb\" data-no-translation=\"\" data-trp-gettext=\"\">Inicio<\/nav>\t\t\t\t<\/div>\n\t\t\t\t<\/div>\n\t\t\t\t\t<\/div>\n\t\t<\/div>\n\t\t\t\t\t<\/div>\n\t\t<\/section>\n\t\t<div class=\"elementor-element elementor-element-dc89260 e-flex e-con-boxed e-con e-parent\" data-id=\"dc89260\" data-element_type=\"container\" data-e-type=\"container\" data-settings=\"{&quot;background_background&quot;:&quot;classic&quot;,&quot;ekit_has_onepagescroll_dot&quot;:&quot;yes&quot;}\">\n\t\t\t\t\t<div class=\"e-con-inner\">\n\t\t\t\t<div class=\"elementor-element elementor-element-f70a6e3 elementor-widget elementor-widget-elementskit-heading\" data-id=\"f70a6e3\" data-element_type=\"widget\" data-e-type=\"widget\" data-settings=\"{&quot;ekit_we_effect_on&quot;:&quot;none&quot;}\" data-widget_type=\"elementskit-heading.default\">\n\t\t\t\t<div class=\"elementor-widget-container\">\n\t\t\t\t\t<div class=\"ekit-wid-con\" ><div class=\"ekit-heading elementskit-section-title-wraper text_center   ekit_heading_tablet-   ekit_heading_mobile-\"><h2 class=\"ekit-heading--title elementskit-section-title\">Por qu\u00e9 elegir POTENSI para  <span><span>Modernizaci\u00f3n de escaleras mec\u00e1nicas<\/span><\/span>\uff1f<\/h2><div class=\"ekit_heading_separetor_wraper ekit_heading_elementskit-border-divider ekit-dotted\"><div class=\"elementskit-border-divider ekit-dotted\"><\/div><\/div><\/div><\/div>\t\t\t\t<\/div>\n\t\t\t\t<\/div>\n\t\t\t\t<div class=\"elementor-element elementor-element-b2a63be elementor-widget elementor-widget-text-editor\" data-id=\"b2a63be\" data-element_type=\"widget\" data-e-type=\"widget\" data-settings=\"{&quot;ekit_we_effect_on&quot;:&quot;none&quot;}\" data-widget_type=\"text-editor.default\">\n\t\t\t\t<div class=\"elementor-widget-container\">\n\t\t\t\t\t\t\t\t\t<p>\u00bfSus escaleras mec\u00e1nicas se aver\u00edan constantemente, provocan largas esperas o plantean problemas de seguridad? Es hora de modernizarse con POTENSI. Experimente una mejora significativa en el rendimiento, la seguridad y la eficiencia.<\/p>\t\t\t\t\t\t\t\t<\/div>\n\t\t\t\t<\/div>\n\t\t\t\t\t<\/div>\n\t\t\t\t<\/div>\n\t\t<div class=\"elementor-element elementor-element-e5151f2 e-flex e-con-boxed e-con e-parent\" data-id=\"e5151f2\" data-element_type=\"container\" data-e-type=\"container\" data-settings=\"{&quot;background_background&quot;:&quot;classic&quot;,&quot;ekit_has_onepagescroll_dot&quot;:&quot;yes&quot;}\">\n\t\t\t\t\t<div class=\"e-con-inner\">\n\t\t<div class=\"elementor-element elementor-element-9e64240 e-con-full e-flex e-con e-child\" data-id=\"9e64240\" data-element_type=\"container\" data-e-type=\"container\" data-settings=\"{&quot;ekit_has_onepagescroll_dot&quot;:&quot;yes&quot;}\">\n\t\t\t\t<div class=\"elementor-element elementor-element-0fe35fa ekit-equal-height-disable elementor-widget elementor-widget-elementskit-icon-box\" data-id=\"0fe35fa\" data-element_type=\"widget\" data-e-type=\"widget\" data-settings=\"{&quot;ekit_we_effect_on&quot;:&quot;none&quot;}\" data-widget_type=\"elementskit-icon-box.default\">\n\t\t\t\t<div class=\"elementor-widget-container\">\n\t\t\t\t\t<div class=\"ekit-wid-con\" >        <!-- link opening -->\n                <!-- end link opening -->\n\n        <div class=\"elementskit-infobox text-left text-left icon-lef-right-aligin elementor-animation- media\">\n                    <div class=\"elementskit-box-header elementor-animation-\">\n                <div class=\"elementskit-info-box-icon  text-center\">\n                    <i aria-hidden=\"true\" class=\"elementkit-infobox-icon icon icon-star\"><\/i>\n                <\/div>\n          <\/div>\n                        <div class=\"box-body\">\n                            <h3 class=\"elementskit-info-box-title\">\n                    Rendimiento superior                <\/h3>\n                        \t\t  \t<p>Nuestro proceso de modernizaci\u00f3n da nueva vida a su escalera mec\u00e1nica. Diga adi\u00f3s a las largas esperas y a las aver\u00edas frecuentes. Actualizamos componentes cruciales para que el viaje sea suave y fiable.<\/p>\n                                <\/div>\n        \n        \n                <\/div>\n        <\/div>\t\t\t\t<\/div>\n\t\t\t\t<\/div>\n\t\t\t\t<div class=\"elementor-element elementor-element-e94fba2 ekit-equal-height-disable elementor-widget elementor-widget-elementskit-icon-box\" data-id=\"e94fba2\" data-element_type=\"widget\" data-e-type=\"widget\" data-settings=\"{&quot;ekit_we_effect_on&quot;:&quot;none&quot;}\" data-widget_type=\"elementskit-icon-box.default\">\n\t\t\t\t<div class=\"elementor-widget-container\">\n\t\t\t\t\t<div class=\"ekit-wid-con\" >        <!-- link opening -->\n                <!-- end link opening -->\n\n        <div class=\"elementskit-infobox text- text-left icon-lef-right-aligin elementor-animation- media\">\n                    <div class=\"elementskit-box-header elementor-animation-\">\n                <div class=\"elementskit-info-box-icon  text-center\">\n                    <i aria-hidden=\"true\" class=\"elementkit-infobox-icon icon icon-pencil_art\"><\/i>\n                <\/div>\n          <\/div>\n                        <div class=\"box-body\">\n                            <h3 class=\"elementskit-info-box-title\">\n                    Dise\u00f1os elegantes                <\/h3>\n                        \t\t  \t<p>Nuestras modernizaciones de dise\u00f1o transforman su escalera mec\u00e1nica en un elemento arquitect\u00f3nico. Nos adaptamos perfectamente al dise\u00f1o interior de su edificio, realzando su atractivo est\u00e9tico.<\/p>\n                                <\/div>\n        \n        \n                <\/div>\n        <\/div>\t\t\t\t<\/div>\n\t\t\t\t<\/div>\n\t\t\t\t<div class=\"elementor-element elementor-element-8ccf50b ekit-equal-height-disable elementor-widget elementor-widget-elementskit-icon-box\" data-id=\"8ccf50b\" data-element_type=\"widget\" data-e-type=\"widget\" data-settings=\"{&quot;ekit_we_effect_on&quot;:&quot;none&quot;}\" data-widget_type=\"elementskit-icon-box.default\">\n\t\t\t\t<div class=\"elementor-widget-container\">\n\t\t\t\t\t<div class=\"ekit-wid-con\" >        <!-- link opening -->\n                <!-- end link opening -->\n\n        <div class=\"elementskit-infobox text- text-left icon-lef-right-aligin elementor-animation- media\">\n                    <div class=\"elementskit-box-header elementor-animation-\">\n                <div class=\"elementskit-info-box-icon  text-center\">\n                    <i aria-hidden=\"true\" class=\"elementkit-infobox-icon icon icon-customer-support\"><\/i>\n                <\/div>\n          <\/div>\n                        <div class=\"box-body\">\n                            <h3 class=\"elementskit-info-box-title\">\n                    Piezas de calidad                <\/h3>\n                        \t\t  \t<p>Nuestras piezas incluyen: <a style=\"color: #000000;text-decoration: underline\" href=\"https:\/\/potensilift.com\/es\/categoria-producto\/piezas-de-escaleras-mecanicas\/cinta-pasamanos-escalera-mecanica\/\">Cintur\u00f3n de pasamanos de escalera mec\u00e1nica<\/a>, <a style=\"color: #000000;text-decoration: underline\" href=\"https:\/\/potensilift.com\/es\/categoria-producto\/piezas-de-escaleras-mecanicas\/escalator-step-and-pallet\/\">Pelda\u00f1o o paleta de escalera mec\u00e1nica<\/a>, <a style=\"color: #000000;text-decoration: underline\" href=\"https:\/\/potensilift.com\/es\/categoria-producto\/piezas-de-escaleras-mecanicas\/escalator-step-chain\/\">Cadena de pelda\u00f1os de escalera mec\u00e1nica<\/a>, <a style=\"color: #000000;text-decoration: underline\" href=\"https:\/\/potensilift.com\/es\/categoria-producto\/piezas-de-escaleras-mecanicas\/escalator-comb-plate\/\">Placa de peine de escalera<\/a>, <a style=\"color: #000000;text-decoration: underline\" href=\"https:\/\/potensilift.com\/es\/categoria-producto\/piezas-de-escaleras-mecanicas\/escalator-step-frame\/\">Bastidor de escalera mec\u00e1nica<\/a>, <a style=\"color: #000000;text-decoration: underline\" href=\"https:\/\/potensilift.com\/es\/categoria-producto\/piezas-de-escaleras-mecanicas\/escalator-handrail-entrance\/\">Pasamanos de escalera Entrada<\/a>, <a style=\"color: #000000;text-decoration: underline\" href=\"https:\/\/potensilift.com\/es\/categoria-producto\/piezas-de-escaleras-mecanicas\/escalator-step-roller\/\">Escaleras mec\u00e1nicas Step Roller<\/a>Otras piezas de escaleras mec\u00e1nicas.<\/p>\n                                <\/div>\n        \n        \n                <\/div>\n        <\/div>\t\t\t\t<\/div>\n\t\t\t\t<\/div>\n\t\t\t\t<\/div>\n\t\t<div class=\"elementor-element elementor-element-3bc6e28 e-con-full e-flex e-con e-child\" data-id=\"3bc6e28\" data-element_type=\"container\" data-e-type=\"container\" data-settings=\"{&quot;ekit_has_onepagescroll_dot&quot;:&quot;yes&quot;}\">\n\t\t\t\t<div class=\"elementor-element elementor-element-cef5988 ekit-equal-height-disable elementor-widget elementor-widget-elementskit-icon-box\" data-id=\"cef5988\" data-element_type=\"widget\" data-e-type=\"widget\" data-settings=\"{&quot;ekit_we_effect_on&quot;:&quot;none&quot;}\" data-widget_type=\"elementskit-icon-box.default\">\n\t\t\t\t<div class=\"elementor-widget-container\">\n\t\t\t\t\t<div class=\"ekit-wid-con\" >        <!-- link opening -->\n                <!-- end link opening -->\n\n        <div class=\"elementskit-infobox text- text-left icon-lef-right-aligin elementor-animation- media\">\n                    <div class=\"elementskit-box-header elementor-animation-\">\n                <div class=\"elementskit-info-box-icon  text-center\">\n                    <i aria-hidden=\"true\" class=\"elementkit-infobox-icon icon icon-safety\"><\/i>\n                <\/div>\n          <\/div>\n                        <div class=\"box-body\">\n                            <h3 class=\"elementskit-info-box-title\">\n                    Mejoras de seguridad                <\/h3>\n                        \t\t  \t<p>POTENSI da prioridad a su seguridad. Actualizamos su escalera mec\u00e1nica con los \u00faltimos c\u00f3digos y normas de seguridad. Nuestras completas actualizaciones de seguridad y paquetes de modernizaci\u00f3n modulares garantizan un viaje seguro y c\u00f3modo.<\/p>\n                                <\/div>\n        \n        \n                <\/div>\n        <\/div>\t\t\t\t<\/div>\n\t\t\t\t<\/div>\n\t\t\t\t<div class=\"elementor-element elementor-element-25c8180 ekit-equal-height-disable elementor-widget elementor-widget-elementskit-icon-box\" data-id=\"25c8180\" data-element_type=\"widget\" data-e-type=\"widget\" data-settings=\"{&quot;ekit_we_effect_on&quot;:&quot;none&quot;}\" data-widget_type=\"elementskit-icon-box.default\">\n\t\t\t\t<div class=\"elementor-widget-container\">\n\t\t\t\t\t<div class=\"ekit-wid-con\" >        <!-- link opening -->\n                <!-- end link opening -->\n\n        <div class=\"elementskit-infobox text- text-left icon-lef-right-aligin elementor-animation- media\">\n                    <div class=\"elementskit-box-header elementor-animation-\">\n                <div class=\"elementskit-info-box-icon  text-center\">\n                    <i aria-hidden=\"true\" class=\"elementkit-infobox-icon icon icon-planting\"><\/i>\n                <\/div>\n          <\/div>\n                        <div class=\"box-body\">\n                            <h3 class=\"elementskit-info-box-title\">\n                    Ecoeficiencia                <\/h3>\n                        \t\t  \t<p>Nuestras soluciones ecoeficientes incluyen un sistema de accionamiento compacto y de alta eficiencia energ\u00e9tica, as\u00ed como modos de funcionamiento inteligentes. Benef\u00edciese de la iluminaci\u00f3n LED de bajo consumo, que es 80% m\u00e1s eficiente que la iluminaci\u00f3n tradicional y dura diez veces m\u00e1s.<\/p>\n                                <\/div>\n        \n        \n                <\/div>\n        <\/div>\t\t\t\t<\/div>\n\t\t\t\t<\/div>\n\t\t\t\t<\/div>\n\t\t\t\t\t<\/div>\n\t\t\t\t<\/div>\n\t\t\t\t<\/div>","protected":false},"excerpt":{"rendered":"<p>Escalator Modernization Why Choose POTENSI for Escalator Modernization\uff1f Is your escalator constantly breaking down, causing long waits, or raising safety concerns? It&#8217;s time to modernize with POTENSI. Experience a significant improvement in performance, safety, and efficiency. Superior Performance Our modernization process breathes new life into your escalator. Say goodbye to long waits and frequent breakdowns. [&hellip;]<\/p>\n","protected":false},"author":1,"featured_media":0,"parent":0,"menu_order":0,"comment_status":"closed","ping_status":"closed","template":"elementor_header_footer","meta":{"_seopress_robots_primary_cat":"","_seopress_titles_title":"Escalator Modernization | POTENSI Escalator Parts Manufacturer","_seopress_titles_desc":"Revitalize your escalators with our modernization services. Improve comfort, safety, and efficiency with POTENSI's expert solutions.","_seopress_robots_index":"","footnotes":""},"class_list":["post-2220","page","type-page","status-publish","hentry"],"_links":{"self":[{"href":"https:\/\/potensilift.com\/es\/wp-json\/wp\/v2\/pages\/2220"}],"collection":[{"href":"https:\/\/potensilift.com\/es\/wp-json\/wp\/v2\/pages"}],"about":[{"href":"https:\/\/potensilift.com\/es\/wp-json\/wp\/v2\/types\/page"}],"author":[{"embeddable":true,"href":"https:\/\/potensilift.com\/es\/wp-json\/wp\/v2\/users\/1"}],"replies":[{"embeddable":true,"href":"https:\/\/potensilift.com\/es\/wp-json\/wp\/v2\/comments?post=2220"}],"version-history":[{"count":20,"href":"https:\/\/potensilift.com\/es\/wp-json\/wp\/v2\/pages\/2220\/revisions"}],"predecessor-version":[{"id":3359,"href":"https:\/\/potensilift.com\/es\/wp-json\/wp\/v2\/pages\/2220\/revisions\/3359"}],"wp:attachment":[{"href":"https:\/\/potensilift.com\/es\/wp-json\/wp\/v2\/media?parent=2220"}],"curies":[{"name":"wp","href":"https:\/\/api.w.org\/{rel}","templated":true}]}}